{"id":369,"date":"2022-03-17T01:52:27","date_gmt":"2022-03-17T00:52:27","guid":{"rendered":"https:\/\/bergo-tim.rs\/novisajt\/?post_type=product&#038;p=369"},"modified":"2024-11-08T21:21:12","modified_gmt":"2024-11-08T20:21:12","slug":"bergin-faser-mix","status":"publish","type":"product","link":"https:\/\/bergo-tim.rs\/novisajt\/products\/bergin-faser-mix\/","title":{"rendered":"BERGIN Faser Mix"},"content":{"rendered":"<div class=\"accordion\"><div class=\"mfn-acc accordion_wrapper  openAll\"><div class=\"question\"><div class=\"title\"><i class=\"icon-plus acc-icon-plus\" aria-hidden=\"true\"><\/i><i class=\"icon-minus acc-icon-minus\" aria-hidden=\"true\"><\/i>Informacije<\/div><div class=\"answer\"><\/p>\n<div>\n<p>Specijalni dodatak hrani &#8211; va\u017ean temelj za obezbe\u0111ivanje boljeg funkcionisanja digestivnog trakta i dobrobiti krma\u010da i prasadi.<\/p>\n<ul>\n<li>Visokokoncentrisana dijetetska celulozna vlakna u gruboj strukturi iz multifunkcionalnih celuloznih komponenti<\/li>\n<li>Dijetetski delotvorno laneno seme.<\/li>\n<li>Obezbe\u0111uje bolje varenje hrane u \u017eelucu i crevima<\/li>\n<li>Spre\u010dava pojavu MMA sindroma kod krma\u010da i edemske bolesti prasadi i drugih poreme\u0107aja u radu digestivnog trakta<\/li>\n<li>Neophodan dodatak za krma\u010de i prasad visokih performansi<\/li>\n<\/ul>\n<p><strong>U\u010de\u0161\u0107e u potpunoj sme\u0161i:<\/strong><\/p>\n<p>prasad \u00a0\u00a0\u00a0\u00a0\u00a0\u00a0\u00a0\u00a0\u00a0\u00a0\u00a0\u00a01,0 \u2013 2,5 %<\/p>\n<p>krma\u010de\u00a0\u00a0\u00a0\u00a0\u00a0\u00a0\u00a0\u00a0\u00a0\u00a0\u00a0 2,5 \u2013 5,0%<\/p>\n<p>svinje u tovu\u00a0\u00a0 0,5 \u2013 1,0%<\/p>\n<p><strong>\u0160ifra proizvoda:<\/strong> 0161\u00a0\u00a0\u00a0\u00a0\u00a0\u00a0\u00a0\u00a0\u00a0\u00a0\u00a0\u00a0\u00a0\u00a0\u00a0\u00a0\u00a0\u00a0\u00a0\u00a0\u00a0\u00a0\u00a0\u00a0\u00a0\u00a0\u00a0\u00a0\u00a0\u00a0 \u00a0\u00a0\u00a0\u00a0\u00a0\u00a0\u00a0\u00a0\u00a0\u00a0\u00a0\u00a0\u00a0\u00a0<strong>Pakovanje:<\/strong> d\u017eak 25kg<\/p>\n<div>\n<table class=\"articleinfo\" border=\"0\" width=\"246\" cellspacing=\"0\" cellpadding=\"0\">\n<tbody>\n<tr>\n<th>\u0160IFRA PROIZVODA<\/th>\n<th>PAKOVANJE<\/th>\n<\/tr>\n<tr>\n<td>0161<\/td>\n<td>d\u017eak 25 kg<\/td>\n<\/tr>\n<\/tbody>\n<\/table>\n<p>&nbsp;<\/p>\n<\/div>\n<\/div>\n<p><\/div><\/div>\n<\/div><\/div>\n\n<div><\/div>\n","protected":false},"excerpt":{"rendered":"<p><strong>Specijalni dodatak ishrani kao va\u017ean temelj regulisanju probave.<\/strong><\/p>\n","protected":false},"featured_media":370,"comment_status":"closed","ping_status":"closed","template":"","meta":[],"product_brand":[],"product_cat":[78,60,66,24],"product_tag":[],"class_list":{"0":"post-369","1":"product","2":"type-product","3":"status-publish","4":"has-post-thumbnail","6":"product_cat-bergophor","7":"product_cat-prasad","8":"product_cat-specijalni-proizvodi-za-prasad","9":"product_cat-svinje","11":"first","12":"instock","13":"shipping-taxable","14":"product-type-simple"},"yoast_head":"<!-- This site is optimized with the Yoast SEO plugin v27.6 - https:\/\/yoast.com\/product\/yoast-seo-wordpress\/ -->\n<title>BERGIN Faser Mix - Bergo-Tim<\/title>\n<meta name=\"description\" content=\"Specijalni dodatak hrani - va\u017ean temelj za obezbe\u0111ivanje boljeg funkcionisanja digestivnog trakta i dobrobiti krma\u010da i prasadi.\" \/>\n<meta name=\"robots\" content=\"index, follow, max-snippet:-1, max-image-preview:large, max-video-preview:-1\" \/>\n<link rel=\"canonical\" href=\"https:\/\/bergo-tim.rs\/novisajt\/products\/bergin-faser-mix\/\" \/>\n<meta property=\"og:locale\" content=\"sr_RS\" \/>\n<meta property=\"og:type\" content=\"article\" \/>\n<meta property=\"og:title\" content=\"BERGIN Faser Mix - Bergo-Tim\" \/>\n<meta property=\"og:description\" content=\"Specijalni dodatak hrani - va\u017ean temelj za obezbe\u0111ivanje boljeg funkcionisanja digestivnog trakta i dobrobiti krma\u010da i prasadi.\" \/>\n<meta property=\"og:url\" content=\"https:\/\/bergo-tim.rs\/novisajt\/products\/bergin-faser-mix\/\" \/>\n<meta property=\"og:site_name\" content=\"Bergo-Tim\" \/>\n<meta property=\"article:modified_time\" content=\"2024-11-08T20:21:12+00:00\" \/>\n<meta property=\"og:image\" content=\"https:\/\/bergo-tim.rs\/novisajt\/wp-content\/uploads\/2022\/03\/0161-BERGIN-FaserMix-website.png\" \/>\n\t<meta property=\"og:image:width\" content=\"729\" \/>\n\t<meta property=\"og:image:height\" content=\"725\" \/>\n\t<meta property=\"og:image:type\" content=\"image\/png\" \/>\n<meta name=\"twitter:card\" content=\"summary_large_image\" \/>\n<meta name=\"twitter:label1\" content=\"Procenjeno vreme \u010ditanja\" \/>\n\t<meta name=\"twitter:data1\" content=\"1 minut\" \/>\n<script type=\"application\/ld+json\" class=\"yoast-schema-graph\">{\"@context\":\"https:\\\/\\\/schema.org\",\"@graph\":[{\"@type\":\"WebPage\",\"@id\":\"https:\\\/\\\/bergo-tim.rs\\\/novisajt\\\/products\\\/bergin-faser-mix\\\/\",\"url\":\"https:\\\/\\\/bergo-tim.rs\\\/novisajt\\\/products\\\/bergin-faser-mix\\\/\",\"name\":\"BERGIN Faser Mix - Bergo-Tim\",\"isPartOf\":{\"@id\":\"https:\\\/\\\/bergo-tim.rs\\\/novisajt\\\/#website\"},\"primaryImageOfPage\":{\"@id\":\"https:\\\/\\\/bergo-tim.rs\\\/novisajt\\\/products\\\/bergin-faser-mix\\\/#primaryimage\"},\"image\":{\"@id\":\"https:\\\/\\\/bergo-tim.rs\\\/novisajt\\\/products\\\/bergin-faser-mix\\\/#primaryimage\"},\"thumbnailUrl\":\"https:\\\/\\\/bergo-tim.rs\\\/novisajt\\\/wp-content\\\/uploads\\\/2022\\\/03\\\/0161-BERGIN-FaserMix-website.png\",\"datePublished\":\"2022-03-17T00:52:27+00:00\",\"dateModified\":\"2024-11-08T20:21:12+00:00\",\"description\":\"Specijalni dodatak hrani - va\u017ean temelj za obezbe\u0111ivanje boljeg funkcionisanja digestivnog trakta i dobrobiti krma\u010da i prasadi.\",\"breadcrumb\":{\"@id\":\"https:\\\/\\\/bergo-tim.rs\\\/novisajt\\\/products\\\/bergin-faser-mix\\\/#breadcrumb\"},\"inLanguage\":\"sr-RS\",\"potentialAction\":[{\"@type\":\"ReadAction\",\"target\":[\"https:\\\/\\\/bergo-tim.rs\\\/novisajt\\\/products\\\/bergin-faser-mix\\\/\"]}]},{\"@type\":\"ImageObject\",\"inLanguage\":\"sr-RS\",\"@id\":\"https:\\\/\\\/bergo-tim.rs\\\/novisajt\\\/products\\\/bergin-faser-mix\\\/#primaryimage\",\"url\":\"https:\\\/\\\/bergo-tim.rs\\\/novisajt\\\/wp-content\\\/uploads\\\/2022\\\/03\\\/0161-BERGIN-FaserMix-website.png\",\"contentUrl\":\"https:\\\/\\\/bergo-tim.rs\\\/novisajt\\\/wp-content\\\/uploads\\\/2022\\\/03\\\/0161-BERGIN-FaserMix-website.png\",\"width\":729,\"height\":725},{\"@type\":\"BreadcrumbList\",\"@id\":\"https:\\\/\\\/bergo-tim.rs\\\/novisajt\\\/products\\\/bergin-faser-mix\\\/#breadcrumb\",\"itemListElement\":[{\"@type\":\"ListItem\",\"position\":1,\"name\":\"Home\",\"item\":\"https:\\\/\\\/bergo-tim.rs\\\/novisajt\\\/\"},{\"@type\":\"ListItem\",\"position\":2,\"name\":\"Proizvodi\",\"item\":\"https:\\\/\\\/bergo-tim.rs\\\/novisajt\\\/prodavnica\\\/\"},{\"@type\":\"ListItem\",\"position\":3,\"name\":\"BERGIN Faser Mix\"}]},{\"@type\":\"WebSite\",\"@id\":\"https:\\\/\\\/bergo-tim.rs\\\/novisajt\\\/#website\",\"url\":\"https:\\\/\\\/bergo-tim.rs\\\/novisajt\\\/\",\"name\":\"Bergo-Tim\",\"description\":\"Generalvertretung Bergophor\",\"potentialAction\":[{\"@type\":\"SearchAction\",\"target\":{\"@type\":\"EntryPoint\",\"urlTemplate\":\"https:\\\/\\\/bergo-tim.rs\\\/novisajt\\\/?s={search_term_string}\"},\"query-input\":{\"@type\":\"PropertyValueSpecification\",\"valueRequired\":true,\"valueName\":\"search_term_string\"}}],\"inLanguage\":\"sr-RS\"}]}<\/script>\n<!-- \/ Yoast SEO plugin. -->","yoast_head_json":{"title":"BERGIN Faser Mix - Bergo-Tim","description":"Specijalni dodatak hrani - va\u017ean temelj za obezbe\u0111ivanje boljeg funkcionisanja digestivnog trakta i dobrobiti krma\u010da i prasadi.","robots":{"index":"index","follow":"follow","max-snippet":"max-snippet:-1","max-image-preview":"max-image-preview:large","max-video-preview":"max-video-preview:-1"},"canonical":"https:\/\/bergo-tim.rs\/novisajt\/products\/bergin-faser-mix\/","og_locale":"sr_RS","og_type":"article","og_title":"BERGIN Faser Mix - Bergo-Tim","og_description":"Specijalni dodatak hrani - va\u017ean temelj za obezbe\u0111ivanje boljeg funkcionisanja digestivnog trakta i dobrobiti krma\u010da i prasadi.","og_url":"https:\/\/bergo-tim.rs\/novisajt\/products\/bergin-faser-mix\/","og_site_name":"Bergo-Tim","article_modified_time":"2024-11-08T20:21:12+00:00","og_image":[{"width":729,"height":725,"url":"https:\/\/bergo-tim.rs\/novisajt\/wp-content\/uploads\/2022\/03\/0161-BERGIN-FaserMix-website.png","type":"image\/png"}],"twitter_card":"summary_large_image","twitter_misc":{"Procenjeno vreme \u010ditanja":"1 minut"},"schema":{"@context":"https:\/\/schema.org","@graph":[{"@type":"WebPage","@id":"https:\/\/bergo-tim.rs\/novisajt\/products\/bergin-faser-mix\/","url":"https:\/\/bergo-tim.rs\/novisajt\/products\/bergin-faser-mix\/","name":"BERGIN Faser Mix - Bergo-Tim","isPartOf":{"@id":"https:\/\/bergo-tim.rs\/novisajt\/#website"},"primaryImageOfPage":{"@id":"https:\/\/bergo-tim.rs\/novisajt\/products\/bergin-faser-mix\/#primaryimage"},"image":{"@id":"https:\/\/bergo-tim.rs\/novisajt\/products\/bergin-faser-mix\/#primaryimage"},"thumbnailUrl":"https:\/\/bergo-tim.rs\/novisajt\/wp-content\/uploads\/2022\/03\/0161-BERGIN-FaserMix-website.png","datePublished":"2022-03-17T00:52:27+00:00","dateModified":"2024-11-08T20:21:12+00:00","description":"Specijalni dodatak hrani - va\u017ean temelj za obezbe\u0111ivanje boljeg funkcionisanja digestivnog trakta i dobrobiti krma\u010da i prasadi.","breadcrumb":{"@id":"https:\/\/bergo-tim.rs\/novisajt\/products\/bergin-faser-mix\/#breadcrumb"},"inLanguage":"sr-RS","potentialAction":[{"@type":"ReadAction","target":["https:\/\/bergo-tim.rs\/novisajt\/products\/bergin-faser-mix\/"]}]},{"@type":"ImageObject","inLanguage":"sr-RS","@id":"https:\/\/bergo-tim.rs\/novisajt\/products\/bergin-faser-mix\/#primaryimage","url":"https:\/\/bergo-tim.rs\/novisajt\/wp-content\/uploads\/2022\/03\/0161-BERGIN-FaserMix-website.png","contentUrl":"https:\/\/bergo-tim.rs\/novisajt\/wp-content\/uploads\/2022\/03\/0161-BERGIN-FaserMix-website.png","width":729,"height":725},{"@type":"BreadcrumbList","@id":"https:\/\/bergo-tim.rs\/novisajt\/products\/bergin-faser-mix\/#breadcrumb","itemListElement":[{"@type":"ListItem","position":1,"name":"Home","item":"https:\/\/bergo-tim.rs\/novisajt\/"},{"@type":"ListItem","position":2,"name":"Proizvodi","item":"https:\/\/bergo-tim.rs\/novisajt\/prodavnica\/"},{"@type":"ListItem","position":3,"name":"BERGIN Faser Mix"}]},{"@type":"WebSite","@id":"https:\/\/bergo-tim.rs\/novisajt\/#website","url":"https:\/\/bergo-tim.rs\/novisajt\/","name":"Bergo-Tim","description":"Generalvertretung Bergophor","potentialAction":[{"@type":"SearchAction","target":{"@type":"EntryPoint","urlTemplate":"https:\/\/bergo-tim.rs\/novisajt\/?s={search_term_string}"},"query-input":{"@type":"PropertyValueSpecification","valueRequired":true,"valueName":"search_term_string"}}],"inLanguage":"sr-RS"}]}},"_links":{"self":[{"href":"https:\/\/bergo-tim.rs\/novisajt\/wp-json\/wp\/v2\/product\/369","targetHints":{"allow":["GET"]}}],"collection":[{"href":"https:\/\/bergo-tim.rs\/novisajt\/wp-json\/wp\/v2\/product"}],"about":[{"href":"https:\/\/bergo-tim.rs\/novisajt\/wp-json\/wp\/v2\/types\/product"}],"replies":[{"embeddable":true,"href":"https:\/\/bergo-tim.rs\/novisajt\/wp-json\/wp\/v2\/comments?post=369"}],"wp:featuredmedia":[{"embeddable":true,"href":"https:\/\/bergo-tim.rs\/novisajt\/wp-json\/wp\/v2\/media\/370"}],"wp:attachment":[{"href":"https:\/\/bergo-tim.rs\/novisajt\/wp-json\/wp\/v2\/media?parent=369"}],"wp:term":[{"taxonomy":"product_brand","embeddable":true,"href":"https:\/\/bergo-tim.rs\/novisajt\/wp-json\/wp\/v2\/product_brand?post=369"},{"taxonomy":"product_cat","embeddable":true,"href":"https:\/\/bergo-tim.rs\/novisajt\/wp-json\/wp\/v2\/product_cat?post=369"},{"taxonomy":"product_tag","embeddable":true,"href":"https:\/\/bergo-tim.rs\/novisajt\/wp-json\/wp\/v2\/product_tag?post=369"}],"curies":[{"name":"wp","href":"https:\/\/api.w.org\/{rel}","templated":true}]}}