{"id":375,"date":"2022-03-17T01:56:54","date_gmt":"2022-03-17T00:56:54","guid":{"rendered":"https:\/\/bergo-tim.rs\/novisajt\/?post_type=product&#038;p=375"},"modified":"2024-11-08T21:15:07","modified_gmt":"2024-11-08T20:15:07","slug":"bergin-zucht-t","status":"publish","type":"product","link":"https:\/\/bergo-tim.rs\/novisajt\/products\/bergin-zucht-t\/","title":{"rendered":"BERGIN Zucht T"},"content":{"rendered":"<div class=\"accordion\"><div class=\"mfn-acc accordion_wrapper  openAll\"><div class=\"question\"><div class=\"title\"><i class=\"icon-plus acc-icon-plus\" aria-hidden=\"true\"><\/i><i class=\"icon-minus acc-icon-minus\" aria-hidden=\"true\"><\/i>Informacije<\/div><div class=\"answer\"><\/p>\n<div>\n<div data-container=\"1____860___\">\n<p>Specijalni premiks za visoko produktivne suprasne krma\u010de \u2013 idealna kombinacija vitamina, minerala i ostalih aktivnih komponenti.<\/p>\n<ul>\n<li>Esencijalne amino-kiseline \u010dine proteine iz obroka visoko usvojivim i vrednim za \u017eivotinje<\/li>\n<li>B-kompleks za ja\u010danje imunolo\u0161kog sistema<\/li>\n<li>Organski vezani mikroelementi za optimalan tok metabolizma<\/li>\n<li>Bolja kondicija krma\u010de, lak\u0161e pra\u0161enje<\/li>\n<li>Ve\u0107a te\u017eina opra\u0161ene prasadi i vitalnost prasadi<\/li>\n<\/ul>\n<p><strong>U\u010de\u0161\u0107e u potpunoj sme\u0161i:<\/strong> 2,5 %<\/p>\n<table class=\"articleinfo\" border=\"0\" width=\"246\" cellspacing=\"0\" cellpadding=\"0\">\n<tbody>\n<tr>\n<th>\u0160IFRA PROIZVODA<\/th>\n<th>PAKOVANJE<\/th>\n<\/tr>\n<tr>\n<td>0168<\/td>\n<td>d\u017eak 25 kg<\/td>\n<\/tr>\n<\/tbody>\n<\/table>\n<p>&nbsp;<\/p>\n<\/div>\n<\/div>\n<p><\/div><\/div>\n<\/div><\/div>\n\n<div><\/div>\n","protected":false},"excerpt":{"rendered":"<p><strong>Premiks za suprasne krma\u010de.<\/strong><\/p>\n","protected":false},"featured_media":376,"comment_status":"closed","ping_status":"closed","template":"","meta":[],"product_brand":[],"product_cat":[78,61,67,24],"product_tag":[],"class_list":{"0":"post-375","1":"product","2":"type-product","3":"status-publish","4":"has-post-thumbnail","6":"product_cat-bergophor","7":"product_cat-krmace","8":"product_cat-premiksi-krmace-svinje","9":"product_cat-svinje","11":"first","12":"instock","13":"shipping-taxable","14":"product-type-simple"},"yoast_head":"<!-- This site is optimized with the Yoast SEO plugin v27.5 - https:\/\/yoast.com\/product\/yoast-seo-wordpress\/ -->\n<title>BERGIN Zucht T - Bergo-Tim<\/title>\n<meta name=\"description\" content=\"Specijalni premiks za visoko produktivne suprasne krma\u010de \u2013 idealna kombinacija vitamina, minerala i ostalih aktivnih komponenti.\" \/>\n<meta name=\"robots\" content=\"index, follow, max-snippet:-1, max-image-preview:large, max-video-preview:-1\" \/>\n<link rel=\"canonical\" href=\"https:\/\/bergo-tim.rs\/novisajt\/products\/bergin-zucht-t\/\" \/>\n<meta property=\"og:locale\" content=\"sr_RS\" \/>\n<meta property=\"og:type\" content=\"article\" \/>\n<meta property=\"og:title\" content=\"BERGIN Zucht T - Bergo-Tim\" \/>\n<meta property=\"og:description\" content=\"Specijalni premiks za visoko produktivne suprasne krma\u010de \u2013 idealna kombinacija vitamina, minerala i ostalih aktivnih komponenti.\" \/>\n<meta property=\"og:url\" content=\"https:\/\/bergo-tim.rs\/novisajt\/products\/bergin-zucht-t\/\" \/>\n<meta property=\"og:site_name\" content=\"Bergo-Tim\" \/>\n<meta property=\"article:modified_time\" content=\"2024-11-08T20:15:07+00:00\" \/>\n<meta property=\"og:image\" content=\"https:\/\/bergo-tim.rs\/novisajt\/wp-content\/uploads\/2022\/03\/0168-BERGIN-Zucht-T-website.png\" \/>\n\t<meta property=\"og:image:width\" content=\"729\" \/>\n\t<meta property=\"og:image:height\" content=\"725\" \/>\n\t<meta property=\"og:image:type\" content=\"image\/png\" \/>\n<meta name=\"twitter:card\" content=\"summary_large_image\" \/>\n<meta name=\"twitter:label1\" content=\"Procenjeno vreme \u010ditanja\" \/>\n\t<meta name=\"twitter:data1\" content=\"1 minut\" \/>\n<script type=\"application\/ld+json\" class=\"yoast-schema-graph\">{\"@context\":\"https:\\\/\\\/schema.org\",\"@graph\":[{\"@type\":\"WebPage\",\"@id\":\"https:\\\/\\\/bergo-tim.rs\\\/novisajt\\\/products\\\/bergin-zucht-t\\\/\",\"url\":\"https:\\\/\\\/bergo-tim.rs\\\/novisajt\\\/products\\\/bergin-zucht-t\\\/\",\"name\":\"BERGIN Zucht T - Bergo-Tim\",\"isPartOf\":{\"@id\":\"https:\\\/\\\/bergo-tim.rs\\\/novisajt\\\/#website\"},\"primaryImageOfPage\":{\"@id\":\"https:\\\/\\\/bergo-tim.rs\\\/novisajt\\\/products\\\/bergin-zucht-t\\\/#primaryimage\"},\"image\":{\"@id\":\"https:\\\/\\\/bergo-tim.rs\\\/novisajt\\\/products\\\/bergin-zucht-t\\\/#primaryimage\"},\"thumbnailUrl\":\"https:\\\/\\\/bergo-tim.rs\\\/novisajt\\\/wp-content\\\/uploads\\\/2022\\\/03\\\/0168-BERGIN-Zucht-T-website.png\",\"datePublished\":\"2022-03-17T00:56:54+00:00\",\"dateModified\":\"2024-11-08T20:15:07+00:00\",\"description\":\"Specijalni premiks za visoko produktivne suprasne krma\u010de \u2013 idealna kombinacija vitamina, minerala i ostalih aktivnih komponenti.\",\"breadcrumb\":{\"@id\":\"https:\\\/\\\/bergo-tim.rs\\\/novisajt\\\/products\\\/bergin-zucht-t\\\/#breadcrumb\"},\"inLanguage\":\"sr-RS\",\"potentialAction\":[{\"@type\":\"ReadAction\",\"target\":[\"https:\\\/\\\/bergo-tim.rs\\\/novisajt\\\/products\\\/bergin-zucht-t\\\/\"]}]},{\"@type\":\"ImageObject\",\"inLanguage\":\"sr-RS\",\"@id\":\"https:\\\/\\\/bergo-tim.rs\\\/novisajt\\\/products\\\/bergin-zucht-t\\\/#primaryimage\",\"url\":\"https:\\\/\\\/bergo-tim.rs\\\/novisajt\\\/wp-content\\\/uploads\\\/2022\\\/03\\\/0168-BERGIN-Zucht-T-website.png\",\"contentUrl\":\"https:\\\/\\\/bergo-tim.rs\\\/novisajt\\\/wp-content\\\/uploads\\\/2022\\\/03\\\/0168-BERGIN-Zucht-T-website.png\",\"width\":729,\"height\":725},{\"@type\":\"BreadcrumbList\",\"@id\":\"https:\\\/\\\/bergo-tim.rs\\\/novisajt\\\/products\\\/bergin-zucht-t\\\/#breadcrumb\",\"itemListElement\":[{\"@type\":\"ListItem\",\"position\":1,\"name\":\"Home\",\"item\":\"https:\\\/\\\/bergo-tim.rs\\\/novisajt\\\/\"},{\"@type\":\"ListItem\",\"position\":2,\"name\":\"Proizvodi\",\"item\":\"https:\\\/\\\/bergo-tim.rs\\\/novisajt\\\/prodavnica\\\/\"},{\"@type\":\"ListItem\",\"position\":3,\"name\":\"BERGIN Zucht T\"}]},{\"@type\":\"WebSite\",\"@id\":\"https:\\\/\\\/bergo-tim.rs\\\/novisajt\\\/#website\",\"url\":\"https:\\\/\\\/bergo-tim.rs\\\/novisajt\\\/\",\"name\":\"Bergo-Tim\",\"description\":\"Generalvertretung Bergophor\",\"potentialAction\":[{\"@type\":\"SearchAction\",\"target\":{\"@type\":\"EntryPoint\",\"urlTemplate\":\"https:\\\/\\\/bergo-tim.rs\\\/novisajt\\\/?s={search_term_string}\"},\"query-input\":{\"@type\":\"PropertyValueSpecification\",\"valueRequired\":true,\"valueName\":\"search_term_string\"}}],\"inLanguage\":\"sr-RS\"}]}<\/script>\n<!-- \/ Yoast SEO plugin. -->","yoast_head_json":{"title":"BERGIN Zucht T - Bergo-Tim","description":"Specijalni premiks za visoko produktivne suprasne krma\u010de \u2013 idealna kombinacija vitamina, minerala i ostalih aktivnih komponenti.","robots":{"index":"index","follow":"follow","max-snippet":"max-snippet:-1","max-image-preview":"max-image-preview:large","max-video-preview":"max-video-preview:-1"},"canonical":"https:\/\/bergo-tim.rs\/novisajt\/products\/bergin-zucht-t\/","og_locale":"sr_RS","og_type":"article","og_title":"BERGIN Zucht T - Bergo-Tim","og_description":"Specijalni premiks za visoko produktivne suprasne krma\u010de \u2013 idealna kombinacija vitamina, minerala i ostalih aktivnih komponenti.","og_url":"https:\/\/bergo-tim.rs\/novisajt\/products\/bergin-zucht-t\/","og_site_name":"Bergo-Tim","article_modified_time":"2024-11-08T20:15:07+00:00","og_image":[{"width":729,"height":725,"url":"https:\/\/bergo-tim.rs\/novisajt\/wp-content\/uploads\/2022\/03\/0168-BERGIN-Zucht-T-website.png","type":"image\/png"}],"twitter_card":"summary_large_image","twitter_misc":{"Procenjeno vreme \u010ditanja":"1 minut"},"schema":{"@context":"https:\/\/schema.org","@graph":[{"@type":"WebPage","@id":"https:\/\/bergo-tim.rs\/novisajt\/products\/bergin-zucht-t\/","url":"https:\/\/bergo-tim.rs\/novisajt\/products\/bergin-zucht-t\/","name":"BERGIN Zucht T - Bergo-Tim","isPartOf":{"@id":"https:\/\/bergo-tim.rs\/novisajt\/#website"},"primaryImageOfPage":{"@id":"https:\/\/bergo-tim.rs\/novisajt\/products\/bergin-zucht-t\/#primaryimage"},"image":{"@id":"https:\/\/bergo-tim.rs\/novisajt\/products\/bergin-zucht-t\/#primaryimage"},"thumbnailUrl":"https:\/\/bergo-tim.rs\/novisajt\/wp-content\/uploads\/2022\/03\/0168-BERGIN-Zucht-T-website.png","datePublished":"2022-03-17T00:56:54+00:00","dateModified":"2024-11-08T20:15:07+00:00","description":"Specijalni premiks za visoko produktivne suprasne krma\u010de \u2013 idealna kombinacija vitamina, minerala i ostalih aktivnih komponenti.","breadcrumb":{"@id":"https:\/\/bergo-tim.rs\/novisajt\/products\/bergin-zucht-t\/#breadcrumb"},"inLanguage":"sr-RS","potentialAction":[{"@type":"ReadAction","target":["https:\/\/bergo-tim.rs\/novisajt\/products\/bergin-zucht-t\/"]}]},{"@type":"ImageObject","inLanguage":"sr-RS","@id":"https:\/\/bergo-tim.rs\/novisajt\/products\/bergin-zucht-t\/#primaryimage","url":"https:\/\/bergo-tim.rs\/novisajt\/wp-content\/uploads\/2022\/03\/0168-BERGIN-Zucht-T-website.png","contentUrl":"https:\/\/bergo-tim.rs\/novisajt\/wp-content\/uploads\/2022\/03\/0168-BERGIN-Zucht-T-website.png","width":729,"height":725},{"@type":"BreadcrumbList","@id":"https:\/\/bergo-tim.rs\/novisajt\/products\/bergin-zucht-t\/#breadcrumb","itemListElement":[{"@type":"ListItem","position":1,"name":"Home","item":"https:\/\/bergo-tim.rs\/novisajt\/"},{"@type":"ListItem","position":2,"name":"Proizvodi","item":"https:\/\/bergo-tim.rs\/novisajt\/prodavnica\/"},{"@type":"ListItem","position":3,"name":"BERGIN Zucht T"}]},{"@type":"WebSite","@id":"https:\/\/bergo-tim.rs\/novisajt\/#website","url":"https:\/\/bergo-tim.rs\/novisajt\/","name":"Bergo-Tim","description":"Generalvertretung Bergophor","potentialAction":[{"@type":"SearchAction","target":{"@type":"EntryPoint","urlTemplate":"https:\/\/bergo-tim.rs\/novisajt\/?s={search_term_string}"},"query-input":{"@type":"PropertyValueSpecification","valueRequired":true,"valueName":"search_term_string"}}],"inLanguage":"sr-RS"}]}},"_links":{"self":[{"href":"https:\/\/bergo-tim.rs\/novisajt\/wp-json\/wp\/v2\/product\/375","targetHints":{"allow":["GET"]}}],"collection":[{"href":"https:\/\/bergo-tim.rs\/novisajt\/wp-json\/wp\/v2\/product"}],"about":[{"href":"https:\/\/bergo-tim.rs\/novisajt\/wp-json\/wp\/v2\/types\/product"}],"replies":[{"embeddable":true,"href":"https:\/\/bergo-tim.rs\/novisajt\/wp-json\/wp\/v2\/comments?post=375"}],"wp:featuredmedia":[{"embeddable":true,"href":"https:\/\/bergo-tim.rs\/novisajt\/wp-json\/wp\/v2\/media\/376"}],"wp:attachment":[{"href":"https:\/\/bergo-tim.rs\/novisajt\/wp-json\/wp\/v2\/media?parent=375"}],"wp:term":[{"taxonomy":"product_brand","embeddable":true,"href":"https:\/\/bergo-tim.rs\/novisajt\/wp-json\/wp\/v2\/product_brand?post=375"},{"taxonomy":"product_cat","embeddable":true,"href":"https:\/\/bergo-tim.rs\/novisajt\/wp-json\/wp\/v2\/product_cat?post=375"},{"taxonomy":"product_tag","embeddable":true,"href":"https:\/\/bergo-tim.rs\/novisajt\/wp-json\/wp\/v2\/product_tag?post=375"}],"curies":[{"name":"wp","href":"https:\/\/api.w.org\/{rel}","templated":true}]}}