{"id":384,"date":"2022-03-17T02:06:56","date_gmt":"2022-03-17T01:06:56","guid":{"rendered":"https:\/\/bergo-tim.rs\/novisajt\/?post_type=product&#038;p=384"},"modified":"2024-11-08T21:31:52","modified_gmt":"2024-11-08T20:31:52","slug":"bergin-ekomast-me-c024","status":"publish","type":"product","link":"https:\/\/bergo-tim.rs\/novisajt\/products\/bergin-ekomast-me-c024\/","title":{"rendered":"BERGIN EkoMast AME"},"content":{"rendered":"<div class=\"accordion\"><div class=\"mfn-acc accordion_wrapper  openAll\"><div class=\"question\"><div class=\"title\"><i class=\"icon-plus acc-icon-plus\" aria-hidden=\"true\"><\/i><i class=\"icon-minus acc-icon-minus\" aria-hidden=\"true\"><\/i>Informacije<\/div><div class=\"answer\"><\/p>\n<div>\n<div data-container=\"1____860___\">\n<ul>\n<li>Za po\u010detni, sredi\u0161nji i zavr\u0161ni tov od 30-110 kg.<\/li>\n<li>Visoke doze usvijivih vitamina i minerala.<\/li>\n<li>Za stabilne, visoke proizvodne rezultate i dobro zdravstveno stanje.<\/li>\n<li>Optimalno izbalansiran aminokiselinski odnos.<\/li>\n<li>Lysin 10%, Methionin, Threonin.<\/li>\n<li>Kombinacija B-vitamina za bolju otpornost na infekcije.<\/li>\n<li>Prirodni antioxidanti: Propylgalat, Tocopherol i limunska kiselina donose vitaminu E jak stimuli\u0161u\u0107i efekat.<\/li>\n<li>NSP enzimi za kvalitetno varenje \u017eitarica.<\/li>\n<li>Selen u optimalnoj dozi.<\/li>\n<\/ul>\n<p>U\u010de\u0161\u0107e u sme\u0161i: 3 \u2013 2,5 %<\/p>\n<div>\n<table class=\"articleinfo\" border=\"0\" width=\"246\" cellspacing=\"0\" cellpadding=\"0\">\n<tbody>\n<tr>\n<th>\u0160IFRA PROIZVODA<\/th>\n<th>PAKOVANJE<\/th>\n<\/tr>\n<tr>\n<td>C024<\/td>\n<td>d\u017eak 25 kg<\/td>\n<\/tr>\n<\/tbody>\n<\/table>\n<p>&nbsp;<\/p>\n<\/div>\n<\/div>\n<\/div>\n<p><\/div><\/div>\n<\/div><\/div>\n\n<div><\/div>\n","protected":false},"excerpt":{"rendered":"<p><strong>Premiks za tov svinja \u2013 sa NSP enzimima za bolje varenje \u017eitarica.<\/strong><\/p>\n","protected":false},"featured_media":682,"comment_status":"closed","ping_status":"closed","template":"","meta":[],"product_brand":[],"product_cat":[78,69,24,62],"product_tag":[],"class_list":{"0":"post-384","1":"product","2":"type-product","3":"status-publish","4":"has-post-thumbnail","6":"product_cat-bergophor","7":"product_cat-premiksi-tovne-svinje","8":"product_cat-svinje","9":"product_cat-tovne-svinje","11":"first","12":"instock","13":"shipping-taxable","14":"product-type-simple"},"yoast_head":"<!-- This site is optimized with the Yoast SEO plugin v27.5 - https:\/\/yoast.com\/product\/yoast-seo-wordpress\/ -->\n<title>BERGIN EkoMast AME - Bergo-Tim<\/title>\n<meta name=\"description\" content=\"Premiks za tov svinja \u2013 za ishranu na bazi \u017eitarica (p\u0161enica, je\u010dam, tritikale). Nephodan ako u\u010de\u0161\u0107e \u017eitarica prelazi 20% u potpunoj sme\u0161i.\" \/>\n<meta name=\"robots\" content=\"index, follow, max-snippet:-1, max-image-preview:large, max-video-preview:-1\" \/>\n<link rel=\"canonical\" href=\"https:\/\/bergo-tim.rs\/novisajt\/products\/bergin-ekomast-me-c024\/\" \/>\n<meta property=\"og:locale\" content=\"sr_RS\" \/>\n<meta property=\"og:type\" content=\"article\" \/>\n<meta property=\"og:title\" content=\"BERGIN EkoMast AME - Bergo-Tim\" \/>\n<meta property=\"og:description\" content=\"Premiks za tov svinja \u2013 za ishranu na bazi \u017eitarica (p\u0161enica, je\u010dam, tritikale). Nephodan ako u\u010de\u0161\u0107e \u017eitarica prelazi 20% u potpunoj sme\u0161i.\" \/>\n<meta property=\"og:url\" content=\"https:\/\/bergo-tim.rs\/novisajt\/products\/bergin-ekomast-me-c024\/\" \/>\n<meta property=\"og:site_name\" content=\"Bergo-Tim\" \/>\n<meta property=\"article:modified_time\" content=\"2024-11-08T20:31:52+00:00\" \/>\n<meta property=\"og:image\" content=\"https:\/\/bergo-tim.rs\/novisajt\/wp-content\/uploads\/2022\/03\/BerginEcoMast.png\" \/>\n\t<meta property=\"og:image:width\" content=\"729\" \/>\n\t<meta property=\"og:image:height\" content=\"725\" \/>\n\t<meta property=\"og:image:type\" content=\"image\/png\" \/>\n<meta name=\"twitter:card\" content=\"summary_large_image\" \/>\n<meta name=\"twitter:label1\" content=\"Procenjeno vreme \u010ditanja\" \/>\n\t<meta name=\"twitter:data1\" content=\"1 minut\" \/>\n<script type=\"application\/ld+json\" class=\"yoast-schema-graph\">{\"@context\":\"https:\\\/\\\/schema.org\",\"@graph\":[{\"@type\":\"WebPage\",\"@id\":\"https:\\\/\\\/bergo-tim.rs\\\/novisajt\\\/products\\\/bergin-ekomast-me-c024\\\/\",\"url\":\"https:\\\/\\\/bergo-tim.rs\\\/novisajt\\\/products\\\/bergin-ekomast-me-c024\\\/\",\"name\":\"BERGIN EkoMast AME - Bergo-Tim\",\"isPartOf\":{\"@id\":\"https:\\\/\\\/bergo-tim.rs\\\/novisajt\\\/#website\"},\"primaryImageOfPage\":{\"@id\":\"https:\\\/\\\/bergo-tim.rs\\\/novisajt\\\/products\\\/bergin-ekomast-me-c024\\\/#primaryimage\"},\"image\":{\"@id\":\"https:\\\/\\\/bergo-tim.rs\\\/novisajt\\\/products\\\/bergin-ekomast-me-c024\\\/#primaryimage\"},\"thumbnailUrl\":\"https:\\\/\\\/bergo-tim.rs\\\/novisajt\\\/wp-content\\\/uploads\\\/2022\\\/03\\\/BerginEcoMast.png\",\"datePublished\":\"2022-03-17T01:06:56+00:00\",\"dateModified\":\"2024-11-08T20:31:52+00:00\",\"description\":\"Premiks za tov svinja \u2013 za ishranu na bazi \u017eitarica (p\u0161enica, je\u010dam, tritikale). Nephodan ako u\u010de\u0161\u0107e \u017eitarica prelazi 20% u potpunoj sme\u0161i.\",\"breadcrumb\":{\"@id\":\"https:\\\/\\\/bergo-tim.rs\\\/novisajt\\\/products\\\/bergin-ekomast-me-c024\\\/#breadcrumb\"},\"inLanguage\":\"sr-RS\",\"potentialAction\":[{\"@type\":\"ReadAction\",\"target\":[\"https:\\\/\\\/bergo-tim.rs\\\/novisajt\\\/products\\\/bergin-ekomast-me-c024\\\/\"]}]},{\"@type\":\"ImageObject\",\"inLanguage\":\"sr-RS\",\"@id\":\"https:\\\/\\\/bergo-tim.rs\\\/novisajt\\\/products\\\/bergin-ekomast-me-c024\\\/#primaryimage\",\"url\":\"https:\\\/\\\/bergo-tim.rs\\\/novisajt\\\/wp-content\\\/uploads\\\/2022\\\/03\\\/BerginEcoMast.png\",\"contentUrl\":\"https:\\\/\\\/bergo-tim.rs\\\/novisajt\\\/wp-content\\\/uploads\\\/2022\\\/03\\\/BerginEcoMast.png\",\"width\":729,\"height\":725},{\"@type\":\"BreadcrumbList\",\"@id\":\"https:\\\/\\\/bergo-tim.rs\\\/novisajt\\\/products\\\/bergin-ekomast-me-c024\\\/#breadcrumb\",\"itemListElement\":[{\"@type\":\"ListItem\",\"position\":1,\"name\":\"Home\",\"item\":\"https:\\\/\\\/bergo-tim.rs\\\/novisajt\\\/\"},{\"@type\":\"ListItem\",\"position\":2,\"name\":\"Proizvodi\",\"item\":\"https:\\\/\\\/bergo-tim.rs\\\/novisajt\\\/prodavnica\\\/\"},{\"@type\":\"ListItem\",\"position\":3,\"name\":\"BERGIN EkoMast AME\"}]},{\"@type\":\"WebSite\",\"@id\":\"https:\\\/\\\/bergo-tim.rs\\\/novisajt\\\/#website\",\"url\":\"https:\\\/\\\/bergo-tim.rs\\\/novisajt\\\/\",\"name\":\"Bergo-Tim\",\"description\":\"Generalvertretung Bergophor\",\"potentialAction\":[{\"@type\":\"SearchAction\",\"target\":{\"@type\":\"EntryPoint\",\"urlTemplate\":\"https:\\\/\\\/bergo-tim.rs\\\/novisajt\\\/?s={search_term_string}\"},\"query-input\":{\"@type\":\"PropertyValueSpecification\",\"valueRequired\":true,\"valueName\":\"search_term_string\"}}],\"inLanguage\":\"sr-RS\"}]}<\/script>\n<!-- \/ Yoast SEO plugin. -->","yoast_head_json":{"title":"BERGIN EkoMast AME - Bergo-Tim","description":"Premiks za tov svinja \u2013 za ishranu na bazi \u017eitarica (p\u0161enica, je\u010dam, tritikale). Nephodan ako u\u010de\u0161\u0107e \u017eitarica prelazi 20% u potpunoj sme\u0161i.","robots":{"index":"index","follow":"follow","max-snippet":"max-snippet:-1","max-image-preview":"max-image-preview:large","max-video-preview":"max-video-preview:-1"},"canonical":"https:\/\/bergo-tim.rs\/novisajt\/products\/bergin-ekomast-me-c024\/","og_locale":"sr_RS","og_type":"article","og_title":"BERGIN EkoMast AME - Bergo-Tim","og_description":"Premiks za tov svinja \u2013 za ishranu na bazi \u017eitarica (p\u0161enica, je\u010dam, tritikale). Nephodan ako u\u010de\u0161\u0107e \u017eitarica prelazi 20% u potpunoj sme\u0161i.","og_url":"https:\/\/bergo-tim.rs\/novisajt\/products\/bergin-ekomast-me-c024\/","og_site_name":"Bergo-Tim","article_modified_time":"2024-11-08T20:31:52+00:00","og_image":[{"width":729,"height":725,"url":"https:\/\/bergo-tim.rs\/novisajt\/wp-content\/uploads\/2022\/03\/BerginEcoMast.png","type":"image\/png"}],"twitter_card":"summary_large_image","twitter_misc":{"Procenjeno vreme \u010ditanja":"1 minut"},"schema":{"@context":"https:\/\/schema.org","@graph":[{"@type":"WebPage","@id":"https:\/\/bergo-tim.rs\/novisajt\/products\/bergin-ekomast-me-c024\/","url":"https:\/\/bergo-tim.rs\/novisajt\/products\/bergin-ekomast-me-c024\/","name":"BERGIN EkoMast AME - Bergo-Tim","isPartOf":{"@id":"https:\/\/bergo-tim.rs\/novisajt\/#website"},"primaryImageOfPage":{"@id":"https:\/\/bergo-tim.rs\/novisajt\/products\/bergin-ekomast-me-c024\/#primaryimage"},"image":{"@id":"https:\/\/bergo-tim.rs\/novisajt\/products\/bergin-ekomast-me-c024\/#primaryimage"},"thumbnailUrl":"https:\/\/bergo-tim.rs\/novisajt\/wp-content\/uploads\/2022\/03\/BerginEcoMast.png","datePublished":"2022-03-17T01:06:56+00:00","dateModified":"2024-11-08T20:31:52+00:00","description":"Premiks za tov svinja \u2013 za ishranu na bazi \u017eitarica (p\u0161enica, je\u010dam, tritikale). Nephodan ako u\u010de\u0161\u0107e \u017eitarica prelazi 20% u potpunoj sme\u0161i.","breadcrumb":{"@id":"https:\/\/bergo-tim.rs\/novisajt\/products\/bergin-ekomast-me-c024\/#breadcrumb"},"inLanguage":"sr-RS","potentialAction":[{"@type":"ReadAction","target":["https:\/\/bergo-tim.rs\/novisajt\/products\/bergin-ekomast-me-c024\/"]}]},{"@type":"ImageObject","inLanguage":"sr-RS","@id":"https:\/\/bergo-tim.rs\/novisajt\/products\/bergin-ekomast-me-c024\/#primaryimage","url":"https:\/\/bergo-tim.rs\/novisajt\/wp-content\/uploads\/2022\/03\/BerginEcoMast.png","contentUrl":"https:\/\/bergo-tim.rs\/novisajt\/wp-content\/uploads\/2022\/03\/BerginEcoMast.png","width":729,"height":725},{"@type":"BreadcrumbList","@id":"https:\/\/bergo-tim.rs\/novisajt\/products\/bergin-ekomast-me-c024\/#breadcrumb","itemListElement":[{"@type":"ListItem","position":1,"name":"Home","item":"https:\/\/bergo-tim.rs\/novisajt\/"},{"@type":"ListItem","position":2,"name":"Proizvodi","item":"https:\/\/bergo-tim.rs\/novisajt\/prodavnica\/"},{"@type":"ListItem","position":3,"name":"BERGIN EkoMast AME"}]},{"@type":"WebSite","@id":"https:\/\/bergo-tim.rs\/novisajt\/#website","url":"https:\/\/bergo-tim.rs\/novisajt\/","name":"Bergo-Tim","description":"Generalvertretung Bergophor","potentialAction":[{"@type":"SearchAction","target":{"@type":"EntryPoint","urlTemplate":"https:\/\/bergo-tim.rs\/novisajt\/?s={search_term_string}"},"query-input":{"@type":"PropertyValueSpecification","valueRequired":true,"valueName":"search_term_string"}}],"inLanguage":"sr-RS"}]}},"_links":{"self":[{"href":"https:\/\/bergo-tim.rs\/novisajt\/wp-json\/wp\/v2\/product\/384","targetHints":{"allow":["GET"]}}],"collection":[{"href":"https:\/\/bergo-tim.rs\/novisajt\/wp-json\/wp\/v2\/product"}],"about":[{"href":"https:\/\/bergo-tim.rs\/novisajt\/wp-json\/wp\/v2\/types\/product"}],"replies":[{"embeddable":true,"href":"https:\/\/bergo-tim.rs\/novisajt\/wp-json\/wp\/v2\/comments?post=384"}],"wp:featuredmedia":[{"embeddable":true,"href":"https:\/\/bergo-tim.rs\/novisajt\/wp-json\/wp\/v2\/media\/682"}],"wp:attachment":[{"href":"https:\/\/bergo-tim.rs\/novisajt\/wp-json\/wp\/v2\/media?parent=384"}],"wp:term":[{"taxonomy":"product_brand","embeddable":true,"href":"https:\/\/bergo-tim.rs\/novisajt\/wp-json\/wp\/v2\/product_brand?post=384"},{"taxonomy":"product_cat","embeddable":true,"href":"https:\/\/bergo-tim.rs\/novisajt\/wp-json\/wp\/v2\/product_cat?post=384"},{"taxonomy":"product_tag","embeddable":true,"href":"https:\/\/bergo-tim.rs\/novisajt\/wp-json\/wp\/v2\/product_tag?post=384"}],"curies":[{"name":"wp","href":"https:\/\/api.w.org\/{rel}","templated":true}]}}