{"id":391,"date":"2022-03-17T02:29:16","date_gmt":"2022-03-17T01:29:16","guid":{"rendered":"https:\/\/bergo-tim.rs\/novisajt\/?post_type=product&#038;p=391"},"modified":"2024-11-08T21:13:12","modified_gmt":"2024-11-08T20:13:12","slug":"kulmin-szw-25","status":"publish","type":"product","link":"https:\/\/bergo-tim.rs\/novisajt\/products\/kulmin-szw-25\/","title":{"rendered":"KULMIN SZW 25kg"},"content":{"rendered":"<div class=\"accordion\"><div class=\"mfn-acc accordion_wrapper  openAll\"><div class=\"question\"><div class=\"title\"><i class=\"icon-plus acc-icon-plus\" aria-hidden=\"true\"><\/i><i class=\"icon-minus acc-icon-minus\" aria-hidden=\"true\"><\/i>Informacije<\/div><div class=\"answer\"><\/p>\n<div>\n<div data-container=\"1____860___\">\n<p>Tvrda masa za lizanje za ovce i koze koja u optimalnom odnosu sadr\u017ei u optimalnom odnosu sve potrebne vitamine (A, D<sub>3<\/sub>, E) mikroelemenate i\u00a0 kombinaciju bura\u017eno za\u0161ti\u0107enog i slobodnog selena<\/p>\n<ul>\n<li>Za ja\u010danje imuniteta, br\u017ei ulazak u estrus i bolju reprodukciju<\/li>\n<li>Dodatak cinka za ja\u010danje papaka<\/li>\n<li>Konzumacija po volji<\/li>\n<\/ul>\n<p>&nbsp;<\/p>\n<table width=\"587\">\n<tbody>\n<tr>\n<td width=\"100\"><strong>Kalcijum<\/strong><\/td>\n<td width=\"46\"><strong>g<\/strong><\/td>\n<td width=\"97\"><strong>150<\/strong><\/td>\n<td width=\"86\"><strong>\u00a0<\/strong><\/td>\n<td width=\"108\"><strong>Natrijum<\/strong><\/td>\n<td width=\"49\"><strong>g<\/strong><\/td>\n<td width=\"101\"><strong>90<\/strong><\/td>\n<\/tr>\n<tr>\n<td width=\"100\"><strong>Fosfor<\/strong><\/td>\n<td width=\"46\"><strong>g<\/strong><\/td>\n<td width=\"97\"><strong>40<\/strong><\/td>\n<td width=\"86\"><strong>\u00a0<\/strong><\/td>\n<td width=\"108\"><strong>Magnezijum<\/strong><\/td>\n<td width=\"49\"><strong>g<\/strong><\/td>\n<td width=\"101\"><strong>40<\/strong><\/td>\n<\/tr>\n<tr>\n<td width=\"100\"><strong>Vitamin A<\/strong><\/td>\n<td width=\"46\"><strong>I.E.<\/strong><\/td>\n<td width=\"97\"><strong>500.000<\/strong><\/td>\n<td width=\"86\"><strong>\u00a0<\/strong><\/td>\n<td width=\"108\"><strong>Vitamin D3<\/strong><\/td>\n<td width=\"49\"><strong>I.E.<\/strong><\/td>\n<td width=\"101\"><strong>85.000<\/strong><\/td>\n<\/tr>\n<tr>\n<td width=\"100\"><strong>Vitamin E<\/strong><\/td>\n<td width=\"46\"><strong>mg<\/strong><\/td>\n<td width=\"97\"><strong>1.000<\/strong><\/td>\n<td width=\"86\"><strong>\u00a0<\/strong><\/td>\n<td width=\"108\"><strong>Zink<\/strong><\/td>\n<td width=\"49\"><strong>mg<\/strong><\/td>\n<td width=\"101\"><strong>4.000<\/strong><\/td>\n<\/tr>\n<tr>\n<td width=\"100\"><strong>Mangan<\/strong><\/td>\n<td width=\"46\"><strong>mg<\/strong><\/td>\n<td width=\"97\"><strong>2.000<\/strong><\/td>\n<td width=\"86\"><strong>\u00a0<\/strong><\/td>\n<td width=\"108\"><strong>Kobalt<\/strong><\/td>\n<td width=\"49\"><strong>mg<\/strong><\/td>\n<td width=\"101\"><strong>20<\/strong><\/td>\n<\/tr>\n<tr>\n<td width=\"100\"><strong>Jod<\/strong><\/td>\n<td width=\"46\"><strong>mg<\/strong><\/td>\n<td width=\"97\"><strong>100<\/strong><\/td>\n<td width=\"86\"><strong>\u00a0<\/strong><\/td>\n<td width=\"108\"><strong>Selen<\/strong><\/td>\n<td width=\"49\"><strong>mg<\/strong><\/td>\n<td width=\"101\"><strong>40<\/strong><\/td>\n<\/tr>\n<\/tbody>\n<\/table>\n<p>&nbsp;<\/p>\n<p><strong>\u0160ifra proizvoda:<\/strong> 0456\u00a0\u00a0\u00a0\u00a0\u00a0\u00a0\u00a0\u00a0\u00a0\u00a0\u00a0\u00a0\u00a0\u00a0\u00a0\u00a0\u00a0\u00a0\u00a0\u00a0\u00a0\u00a0\u00a0\u00a0\u00a0\u00a0\u00a0\u00a0\u00a0\u00a0\u00a0\u00a0\u00a0\u00a0\u00a0\u00a0\u00a0\u00a0\u00a0\u00a0\u00a0\u00a0\u00a0\u00a0\u00a0\u00a0\u00a0\u00a0\u00a0\u00a0\u00a0\u00a0\u00a0\u00a0\u00a0\u00a0\u00a0 <strong>Pakovanje:<\/strong> 25 kg<\/p>\n<\/div>\n<\/div>\n<p><\/div><\/div>\n<\/div><\/div>\n\n<div><\/div>\n","protected":false},"excerpt":{"rendered":"<p><strong>Tvrda masa za lizanje za ovce i koze koja sadr\u017ei u optimalnom odnosu sve potrebne minerale, mikroelemente i vitamine A, D3, E i kombinaciju bura\u017eno za\u0161ti\u0107enog i slobodnog selena.<\/strong><\/p>\n","protected":false},"featured_media":615,"comment_status":"closed","ping_status":"closed","template":"","meta":[],"product_brand":[],"product_cat":[78,25,77],"product_tag":[],"class_list":{"0":"post-391","1":"product","2":"type-product","3":"status-publish","4":"has-post-thumbnail","6":"product_cat-bergophor","7":"product_cat-ovce-i-koze","8":"product_cat-proizvodi-za-lizanje","10":"first","11":"instock","12":"shipping-taxable","13":"product-type-simple"},"yoast_head":"<!-- This site is optimized with the Yoast SEO plugin v27.5 - https:\/\/yoast.com\/product\/yoast-seo-wordpress\/ -->\n<title>KULMIN SZW 25kg - Bergo-Tim<\/title>\n<meta name=\"description\" content=\"Masa za lizanje za ovce i koze koja sadr\u017ei u optimalnom odnosu sve potrebne minerale i vitamine i kombinaciju za\u0161ti\u0107enog i slobodnog selena.\" \/>\n<meta name=\"robots\" content=\"index, follow, max-snippet:-1, max-image-preview:large, max-video-preview:-1\" \/>\n<link rel=\"canonical\" href=\"https:\/\/bergo-tim.rs\/novisajt\/products\/kulmin-szw-25\/\" \/>\n<meta property=\"og:locale\" content=\"sr_RS\" \/>\n<meta property=\"og:type\" content=\"article\" \/>\n<meta property=\"og:title\" content=\"KULMIN SZW 25kg - Bergo-Tim\" \/>\n<meta property=\"og:description\" content=\"Masa za lizanje za ovce i koze koja sadr\u017ei u optimalnom odnosu sve potrebne minerale i vitamine i kombinaciju za\u0161ti\u0107enog i slobodnog selena.\" \/>\n<meta property=\"og:url\" content=\"https:\/\/bergo-tim.rs\/novisajt\/products\/kulmin-szw-25\/\" \/>\n<meta property=\"og:site_name\" content=\"Bergo-Tim\" \/>\n<meta property=\"article:modified_time\" content=\"2024-11-08T20:13:12+00:00\" \/>\n<meta property=\"og:image\" content=\"https:\/\/bergo-tim.rs\/novisajt\/wp-content\/uploads\/2022\/03\/KulminSZV25kg.png\" \/>\n\t<meta property=\"og:image:width\" content=\"729\" \/>\n\t<meta property=\"og:image:height\" content=\"725\" \/>\n\t<meta property=\"og:image:type\" content=\"image\/png\" \/>\n<meta name=\"twitter:card\" content=\"summary_large_image\" \/>\n<meta name=\"twitter:label1\" content=\"Procenjeno vreme \u010ditanja\" \/>\n\t<meta name=\"twitter:data1\" content=\"1 minut\" \/>\n<script type=\"application\/ld+json\" class=\"yoast-schema-graph\">{\"@context\":\"https:\\\/\\\/schema.org\",\"@graph\":[{\"@type\":\"WebPage\",\"@id\":\"https:\\\/\\\/bergo-tim.rs\\\/novisajt\\\/products\\\/kulmin-szw-25\\\/\",\"url\":\"https:\\\/\\\/bergo-tim.rs\\\/novisajt\\\/products\\\/kulmin-szw-25\\\/\",\"name\":\"KULMIN SZW 25kg - Bergo-Tim\",\"isPartOf\":{\"@id\":\"https:\\\/\\\/bergo-tim.rs\\\/novisajt\\\/#website\"},\"primaryImageOfPage\":{\"@id\":\"https:\\\/\\\/bergo-tim.rs\\\/novisajt\\\/products\\\/kulmin-szw-25\\\/#primaryimage\"},\"image\":{\"@id\":\"https:\\\/\\\/bergo-tim.rs\\\/novisajt\\\/products\\\/kulmin-szw-25\\\/#primaryimage\"},\"thumbnailUrl\":\"https:\\\/\\\/bergo-tim.rs\\\/novisajt\\\/wp-content\\\/uploads\\\/2022\\\/03\\\/KulminSZV25kg.png\",\"datePublished\":\"2022-03-17T01:29:16+00:00\",\"dateModified\":\"2024-11-08T20:13:12+00:00\",\"description\":\"Masa za lizanje za ovce i koze koja sadr\u017ei u optimalnom odnosu sve potrebne minerale i vitamine i kombinaciju za\u0161ti\u0107enog i slobodnog selena.\",\"breadcrumb\":{\"@id\":\"https:\\\/\\\/bergo-tim.rs\\\/novisajt\\\/products\\\/kulmin-szw-25\\\/#breadcrumb\"},\"inLanguage\":\"sr-RS\",\"potentialAction\":[{\"@type\":\"ReadAction\",\"target\":[\"https:\\\/\\\/bergo-tim.rs\\\/novisajt\\\/products\\\/kulmin-szw-25\\\/\"]}]},{\"@type\":\"ImageObject\",\"inLanguage\":\"sr-RS\",\"@id\":\"https:\\\/\\\/bergo-tim.rs\\\/novisajt\\\/products\\\/kulmin-szw-25\\\/#primaryimage\",\"url\":\"https:\\\/\\\/bergo-tim.rs\\\/novisajt\\\/wp-content\\\/uploads\\\/2022\\\/03\\\/KulminSZV25kg.png\",\"contentUrl\":\"https:\\\/\\\/bergo-tim.rs\\\/novisajt\\\/wp-content\\\/uploads\\\/2022\\\/03\\\/KulminSZV25kg.png\",\"width\":729,\"height\":725},{\"@type\":\"BreadcrumbList\",\"@id\":\"https:\\\/\\\/bergo-tim.rs\\\/novisajt\\\/products\\\/kulmin-szw-25\\\/#breadcrumb\",\"itemListElement\":[{\"@type\":\"ListItem\",\"position\":1,\"name\":\"Home\",\"item\":\"https:\\\/\\\/bergo-tim.rs\\\/novisajt\\\/\"},{\"@type\":\"ListItem\",\"position\":2,\"name\":\"Proizvodi\",\"item\":\"https:\\\/\\\/bergo-tim.rs\\\/novisajt\\\/prodavnica\\\/\"},{\"@type\":\"ListItem\",\"position\":3,\"name\":\"KULMIN SZW 25kg\"}]},{\"@type\":\"WebSite\",\"@id\":\"https:\\\/\\\/bergo-tim.rs\\\/novisajt\\\/#website\",\"url\":\"https:\\\/\\\/bergo-tim.rs\\\/novisajt\\\/\",\"name\":\"Bergo-Tim\",\"description\":\"Generalvertretung Bergophor\",\"potentialAction\":[{\"@type\":\"SearchAction\",\"target\":{\"@type\":\"EntryPoint\",\"urlTemplate\":\"https:\\\/\\\/bergo-tim.rs\\\/novisajt\\\/?s={search_term_string}\"},\"query-input\":{\"@type\":\"PropertyValueSpecification\",\"valueRequired\":true,\"valueName\":\"search_term_string\"}}],\"inLanguage\":\"sr-RS\"}]}<\/script>\n<!-- \/ Yoast SEO plugin. -->","yoast_head_json":{"title":"KULMIN SZW 25kg - Bergo-Tim","description":"Masa za lizanje za ovce i koze koja sadr\u017ei u optimalnom odnosu sve potrebne minerale i vitamine i kombinaciju za\u0161ti\u0107enog i slobodnog selena.","robots":{"index":"index","follow":"follow","max-snippet":"max-snippet:-1","max-image-preview":"max-image-preview:large","max-video-preview":"max-video-preview:-1"},"canonical":"https:\/\/bergo-tim.rs\/novisajt\/products\/kulmin-szw-25\/","og_locale":"sr_RS","og_type":"article","og_title":"KULMIN SZW 25kg - Bergo-Tim","og_description":"Masa za lizanje za ovce i koze koja sadr\u017ei u optimalnom odnosu sve potrebne minerale i vitamine i kombinaciju za\u0161ti\u0107enog i slobodnog selena.","og_url":"https:\/\/bergo-tim.rs\/novisajt\/products\/kulmin-szw-25\/","og_site_name":"Bergo-Tim","article_modified_time":"2024-11-08T20:13:12+00:00","og_image":[{"width":729,"height":725,"url":"https:\/\/bergo-tim.rs\/novisajt\/wp-content\/uploads\/2022\/03\/KulminSZV25kg.png","type":"image\/png"}],"twitter_card":"summary_large_image","twitter_misc":{"Procenjeno vreme \u010ditanja":"1 minut"},"schema":{"@context":"https:\/\/schema.org","@graph":[{"@type":"WebPage","@id":"https:\/\/bergo-tim.rs\/novisajt\/products\/kulmin-szw-25\/","url":"https:\/\/bergo-tim.rs\/novisajt\/products\/kulmin-szw-25\/","name":"KULMIN SZW 25kg - Bergo-Tim","isPartOf":{"@id":"https:\/\/bergo-tim.rs\/novisajt\/#website"},"primaryImageOfPage":{"@id":"https:\/\/bergo-tim.rs\/novisajt\/products\/kulmin-szw-25\/#primaryimage"},"image":{"@id":"https:\/\/bergo-tim.rs\/novisajt\/products\/kulmin-szw-25\/#primaryimage"},"thumbnailUrl":"https:\/\/bergo-tim.rs\/novisajt\/wp-content\/uploads\/2022\/03\/KulminSZV25kg.png","datePublished":"2022-03-17T01:29:16+00:00","dateModified":"2024-11-08T20:13:12+00:00","description":"Masa za lizanje za ovce i koze koja sadr\u017ei u optimalnom odnosu sve potrebne minerale i vitamine i kombinaciju za\u0161ti\u0107enog i slobodnog selena.","breadcrumb":{"@id":"https:\/\/bergo-tim.rs\/novisajt\/products\/kulmin-szw-25\/#breadcrumb"},"inLanguage":"sr-RS","potentialAction":[{"@type":"ReadAction","target":["https:\/\/bergo-tim.rs\/novisajt\/products\/kulmin-szw-25\/"]}]},{"@type":"ImageObject","inLanguage":"sr-RS","@id":"https:\/\/bergo-tim.rs\/novisajt\/products\/kulmin-szw-25\/#primaryimage","url":"https:\/\/bergo-tim.rs\/novisajt\/wp-content\/uploads\/2022\/03\/KulminSZV25kg.png","contentUrl":"https:\/\/bergo-tim.rs\/novisajt\/wp-content\/uploads\/2022\/03\/KulminSZV25kg.png","width":729,"height":725},{"@type":"BreadcrumbList","@id":"https:\/\/bergo-tim.rs\/novisajt\/products\/kulmin-szw-25\/#breadcrumb","itemListElement":[{"@type":"ListItem","position":1,"name":"Home","item":"https:\/\/bergo-tim.rs\/novisajt\/"},{"@type":"ListItem","position":2,"name":"Proizvodi","item":"https:\/\/bergo-tim.rs\/novisajt\/prodavnica\/"},{"@type":"ListItem","position":3,"name":"KULMIN SZW 25kg"}]},{"@type":"WebSite","@id":"https:\/\/bergo-tim.rs\/novisajt\/#website","url":"https:\/\/bergo-tim.rs\/novisajt\/","name":"Bergo-Tim","description":"Generalvertretung Bergophor","potentialAction":[{"@type":"SearchAction","target":{"@type":"EntryPoint","urlTemplate":"https:\/\/bergo-tim.rs\/novisajt\/?s={search_term_string}"},"query-input":{"@type":"PropertyValueSpecification","valueRequired":true,"valueName":"search_term_string"}}],"inLanguage":"sr-RS"}]}},"_links":{"self":[{"href":"https:\/\/bergo-tim.rs\/novisajt\/wp-json\/wp\/v2\/product\/391","targetHints":{"allow":["GET"]}}],"collection":[{"href":"https:\/\/bergo-tim.rs\/novisajt\/wp-json\/wp\/v2\/product"}],"about":[{"href":"https:\/\/bergo-tim.rs\/novisajt\/wp-json\/wp\/v2\/types\/product"}],"replies":[{"embeddable":true,"href":"https:\/\/bergo-tim.rs\/novisajt\/wp-json\/wp\/v2\/comments?post=391"}],"wp:featuredmedia":[{"embeddable":true,"href":"https:\/\/bergo-tim.rs\/novisajt\/wp-json\/wp\/v2\/media\/615"}],"wp:attachment":[{"href":"https:\/\/bergo-tim.rs\/novisajt\/wp-json\/wp\/v2\/media?parent=391"}],"wp:term":[{"taxonomy":"product_brand","embeddable":true,"href":"https:\/\/bergo-tim.rs\/novisajt\/wp-json\/wp\/v2\/product_brand?post=391"},{"taxonomy":"product_cat","embeddable":true,"href":"https:\/\/bergo-tim.rs\/novisajt\/wp-json\/wp\/v2\/product_cat?post=391"},{"taxonomy":"product_tag","embeddable":true,"href":"https:\/\/bergo-tim.rs\/novisajt\/wp-json\/wp\/v2\/product_tag?post=391"}],"curies":[{"name":"wp","href":"https:\/\/api.w.org\/{rel}","templated":true}]}}