{"id":483,"date":"2022-03-22T14:00:13","date_gmt":"2022-03-22T13:00:13","guid":{"rendered":"https:\/\/bergo-tim.rs\/novisajt\/?post_type=product&#038;p=483"},"modified":"2024-11-08T21:09:44","modified_gmt":"2024-11-08T20:09:44","slug":"phocaltop","status":"publish","type":"product","link":"https:\/\/bergo-tim.rs\/novisajt\/products\/phocaltop\/","title":{"rendered":"PHOCALTOP"},"content":{"rendered":"<div class=\"accordion\"><div class=\"mfn-acc accordion_wrapper  openAll\"><div class=\"question\"><div class=\"title\"><i class=\"icon-plus acc-icon-plus\" aria-hidden=\"true\"><\/i><i class=\"icon-minus acc-icon-minus\" aria-hidden=\"true\"><\/i>Informacije<\/div><div class=\"answer\"><\/p>\n<p>Kompenzuje nedostatak fosfora<\/p>\n<p>PHOCALTOP &#8211; Efikasni fosforni bolus je dodatak za krave u fazama sa povec\u0301anim zahtevima za fosforom. Posebno u kriti\u010dnoj fazi oko teljenja. PHOCALTOP pobolj\u0161ava snabdevanje fosforom i smanjuje rizik od mle\u010dne groznice. Oralna primena fosfora u obliku bolusa je idealna za krave sa slabim apetitom.<\/p>\n<p>1 bolus sadr\u017ei 15 g fosfora i 16 g kalcijuma<\/p>\n<p>Doza 2 bolusa u jednoj primeni: 30 g fosfora i 32 g kalcijuma<\/p>\n<p>SAVET: U slu\u010daju nedostatka fosfora i kalcijuma u jednoj aplikaciji kombinovati 1 PHOCALTOP i 1 CALCITOP bolus. \u017divotinja prima 19 g fosfora i 37 g kalcijuma u jednom trenutku.<\/p>\n<p><strong>Pakovanje:<\/strong> 12 bolusa \u00e0 90 g \/ 24 bolusa \u00e0 90 g<\/p>\n<div>\n<table>\n<tbody>\n<tr>\n<th>\u0160ifra proizvoda<\/th>\n<th>Pakovanje<\/th>\n<\/tr>\n<tr>\n<td>42159<\/td>\n<td>12 kom<\/td>\n<\/tr>\n<\/tbody>\n<\/table>\n<p>&nbsp;<\/p>\n<p><\/div><\/div>\n<\/div><\/div>\n\n<\/div>\n","protected":false},"excerpt":{"rendered":"<p><strong>Bolus sa fosforom.<\/strong><\/p>\n","protected":false},"featured_media":578,"comment_status":"closed","ping_status":"closed","template":"","meta":[],"product_brand":[],"product_cat":[81,23,53,79],"product_tag":[],"class_list":{"0":"post-483","1":"product","2":"type-product","3":"status-publish","4":"has-post-thumbnail","6":"product_cat-bolusi","7":"product_cat-goveda","8":"product_cat-krave-muzare","9":"product_cat-landmans-best","11":"first","12":"instock","13":"shipping-taxable","14":"product-type-simple"},"yoast_head":"<!-- This site is optimized with the Yoast SEO plugin v27.5 - https:\/\/yoast.com\/product\/yoast-seo-wordpress\/ -->\n<title>PHOCALTOP - Bergo-Tim<\/title>\n<meta name=\"description\" content=\"Efikasni fosforni bolus je dodatak za krave u fazama sa povec\u0301anim zahtevima za fosforom. Posebno u kriti\u010dnoj fazi oko teljenja.\" \/>\n<meta name=\"robots\" content=\"index, follow, max-snippet:-1, max-image-preview:large, max-video-preview:-1\" \/>\n<link rel=\"canonical\" href=\"https:\/\/bergo-tim.rs\/novisajt\/products\/phocaltop\/\" \/>\n<meta property=\"og:locale\" content=\"sr_RS\" \/>\n<meta property=\"og:type\" content=\"article\" \/>\n<meta property=\"og:title\" content=\"PHOCALTOP - Bergo-Tim\" \/>\n<meta property=\"og:description\" content=\"Efikasni fosforni bolus je dodatak za krave u fazama sa povec\u0301anim zahtevima za fosforom. Posebno u kriti\u010dnoj fazi oko teljenja.\" \/>\n<meta property=\"og:url\" content=\"https:\/\/bergo-tim.rs\/novisajt\/products\/phocaltop\/\" \/>\n<meta property=\"og:site_name\" content=\"Bergo-Tim\" \/>\n<meta property=\"article:modified_time\" content=\"2024-11-08T20:09:44+00:00\" \/>\n<meta property=\"og:image\" content=\"https:\/\/bergo-tim.rs\/novisajt\/wp-content\/uploads\/2022\/03\/phocaltop.png\" \/>\n\t<meta property=\"og:image:width\" content=\"729\" \/>\n\t<meta property=\"og:image:height\" content=\"725\" \/>\n\t<meta property=\"og:image:type\" content=\"image\/png\" \/>\n<meta name=\"twitter:card\" content=\"summary_large_image\" \/>\n<meta name=\"twitter:label1\" content=\"Procenjeno vreme \u010ditanja\" \/>\n\t<meta name=\"twitter:data1\" content=\"1 minut\" \/>\n<script type=\"application\/ld+json\" class=\"yoast-schema-graph\">{\"@context\":\"https:\\\/\\\/schema.org\",\"@graph\":[{\"@type\":\"WebPage\",\"@id\":\"https:\\\/\\\/bergo-tim.rs\\\/novisajt\\\/products\\\/phocaltop\\\/\",\"url\":\"https:\\\/\\\/bergo-tim.rs\\\/novisajt\\\/products\\\/phocaltop\\\/\",\"name\":\"PHOCALTOP - Bergo-Tim\",\"isPartOf\":{\"@id\":\"https:\\\/\\\/bergo-tim.rs\\\/novisajt\\\/#website\"},\"primaryImageOfPage\":{\"@id\":\"https:\\\/\\\/bergo-tim.rs\\\/novisajt\\\/products\\\/phocaltop\\\/#primaryimage\"},\"image\":{\"@id\":\"https:\\\/\\\/bergo-tim.rs\\\/novisajt\\\/products\\\/phocaltop\\\/#primaryimage\"},\"thumbnailUrl\":\"https:\\\/\\\/bergo-tim.rs\\\/novisajt\\\/wp-content\\\/uploads\\\/2022\\\/03\\\/phocaltop.png\",\"datePublished\":\"2022-03-22T13:00:13+00:00\",\"dateModified\":\"2024-11-08T20:09:44+00:00\",\"description\":\"Efikasni fosforni bolus je dodatak za krave u fazama sa povec\u0301anim zahtevima za fosforom. Posebno u kriti\u010dnoj fazi oko teljenja.\",\"breadcrumb\":{\"@id\":\"https:\\\/\\\/bergo-tim.rs\\\/novisajt\\\/products\\\/phocaltop\\\/#breadcrumb\"},\"inLanguage\":\"sr-RS\",\"potentialAction\":[{\"@type\":\"ReadAction\",\"target\":[\"https:\\\/\\\/bergo-tim.rs\\\/novisajt\\\/products\\\/phocaltop\\\/\"]}]},{\"@type\":\"ImageObject\",\"inLanguage\":\"sr-RS\",\"@id\":\"https:\\\/\\\/bergo-tim.rs\\\/novisajt\\\/products\\\/phocaltop\\\/#primaryimage\",\"url\":\"https:\\\/\\\/bergo-tim.rs\\\/novisajt\\\/wp-content\\\/uploads\\\/2022\\\/03\\\/phocaltop.png\",\"contentUrl\":\"https:\\\/\\\/bergo-tim.rs\\\/novisajt\\\/wp-content\\\/uploads\\\/2022\\\/03\\\/phocaltop.png\",\"width\":729,\"height\":725},{\"@type\":\"BreadcrumbList\",\"@id\":\"https:\\\/\\\/bergo-tim.rs\\\/novisajt\\\/products\\\/phocaltop\\\/#breadcrumb\",\"itemListElement\":[{\"@type\":\"ListItem\",\"position\":1,\"name\":\"Home\",\"item\":\"https:\\\/\\\/bergo-tim.rs\\\/novisajt\\\/\"},{\"@type\":\"ListItem\",\"position\":2,\"name\":\"Proizvodi\",\"item\":\"https:\\\/\\\/bergo-tim.rs\\\/novisajt\\\/prodavnica\\\/\"},{\"@type\":\"ListItem\",\"position\":3,\"name\":\"PHOCALTOP\"}]},{\"@type\":\"WebSite\",\"@id\":\"https:\\\/\\\/bergo-tim.rs\\\/novisajt\\\/#website\",\"url\":\"https:\\\/\\\/bergo-tim.rs\\\/novisajt\\\/\",\"name\":\"Bergo-Tim\",\"description\":\"Generalvertretung Bergophor\",\"potentialAction\":[{\"@type\":\"SearchAction\",\"target\":{\"@type\":\"EntryPoint\",\"urlTemplate\":\"https:\\\/\\\/bergo-tim.rs\\\/novisajt\\\/?s={search_term_string}\"},\"query-input\":{\"@type\":\"PropertyValueSpecification\",\"valueRequired\":true,\"valueName\":\"search_term_string\"}}],\"inLanguage\":\"sr-RS\"}]}<\/script>\n<!-- \/ Yoast SEO plugin. -->","yoast_head_json":{"title":"PHOCALTOP - Bergo-Tim","description":"Efikasni fosforni bolus je dodatak za krave u fazama sa povec\u0301anim zahtevima za fosforom. Posebno u kriti\u010dnoj fazi oko teljenja.","robots":{"index":"index","follow":"follow","max-snippet":"max-snippet:-1","max-image-preview":"max-image-preview:large","max-video-preview":"max-video-preview:-1"},"canonical":"https:\/\/bergo-tim.rs\/novisajt\/products\/phocaltop\/","og_locale":"sr_RS","og_type":"article","og_title":"PHOCALTOP - Bergo-Tim","og_description":"Efikasni fosforni bolus je dodatak za krave u fazama sa povec\u0301anim zahtevima za fosforom. Posebno u kriti\u010dnoj fazi oko teljenja.","og_url":"https:\/\/bergo-tim.rs\/novisajt\/products\/phocaltop\/","og_site_name":"Bergo-Tim","article_modified_time":"2024-11-08T20:09:44+00:00","og_image":[{"width":729,"height":725,"url":"https:\/\/bergo-tim.rs\/novisajt\/wp-content\/uploads\/2022\/03\/phocaltop.png","type":"image\/png"}],"twitter_card":"summary_large_image","twitter_misc":{"Procenjeno vreme \u010ditanja":"1 minut"},"schema":{"@context":"https:\/\/schema.org","@graph":[{"@type":"WebPage","@id":"https:\/\/bergo-tim.rs\/novisajt\/products\/phocaltop\/","url":"https:\/\/bergo-tim.rs\/novisajt\/products\/phocaltop\/","name":"PHOCALTOP - Bergo-Tim","isPartOf":{"@id":"https:\/\/bergo-tim.rs\/novisajt\/#website"},"primaryImageOfPage":{"@id":"https:\/\/bergo-tim.rs\/novisajt\/products\/phocaltop\/#primaryimage"},"image":{"@id":"https:\/\/bergo-tim.rs\/novisajt\/products\/phocaltop\/#primaryimage"},"thumbnailUrl":"https:\/\/bergo-tim.rs\/novisajt\/wp-content\/uploads\/2022\/03\/phocaltop.png","datePublished":"2022-03-22T13:00:13+00:00","dateModified":"2024-11-08T20:09:44+00:00","description":"Efikasni fosforni bolus je dodatak za krave u fazama sa povec\u0301anim zahtevima za fosforom. Posebno u kriti\u010dnoj fazi oko teljenja.","breadcrumb":{"@id":"https:\/\/bergo-tim.rs\/novisajt\/products\/phocaltop\/#breadcrumb"},"inLanguage":"sr-RS","potentialAction":[{"@type":"ReadAction","target":["https:\/\/bergo-tim.rs\/novisajt\/products\/phocaltop\/"]}]},{"@type":"ImageObject","inLanguage":"sr-RS","@id":"https:\/\/bergo-tim.rs\/novisajt\/products\/phocaltop\/#primaryimage","url":"https:\/\/bergo-tim.rs\/novisajt\/wp-content\/uploads\/2022\/03\/phocaltop.png","contentUrl":"https:\/\/bergo-tim.rs\/novisajt\/wp-content\/uploads\/2022\/03\/phocaltop.png","width":729,"height":725},{"@type":"BreadcrumbList","@id":"https:\/\/bergo-tim.rs\/novisajt\/products\/phocaltop\/#breadcrumb","itemListElement":[{"@type":"ListItem","position":1,"name":"Home","item":"https:\/\/bergo-tim.rs\/novisajt\/"},{"@type":"ListItem","position":2,"name":"Proizvodi","item":"https:\/\/bergo-tim.rs\/novisajt\/prodavnica\/"},{"@type":"ListItem","position":3,"name":"PHOCALTOP"}]},{"@type":"WebSite","@id":"https:\/\/bergo-tim.rs\/novisajt\/#website","url":"https:\/\/bergo-tim.rs\/novisajt\/","name":"Bergo-Tim","description":"Generalvertretung Bergophor","potentialAction":[{"@type":"SearchAction","target":{"@type":"EntryPoint","urlTemplate":"https:\/\/bergo-tim.rs\/novisajt\/?s={search_term_string}"},"query-input":{"@type":"PropertyValueSpecification","valueRequired":true,"valueName":"search_term_string"}}],"inLanguage":"sr-RS"}]}},"_links":{"self":[{"href":"https:\/\/bergo-tim.rs\/novisajt\/wp-json\/wp\/v2\/product\/483","targetHints":{"allow":["GET"]}}],"collection":[{"href":"https:\/\/bergo-tim.rs\/novisajt\/wp-json\/wp\/v2\/product"}],"about":[{"href":"https:\/\/bergo-tim.rs\/novisajt\/wp-json\/wp\/v2\/types\/product"}],"replies":[{"embeddable":true,"href":"https:\/\/bergo-tim.rs\/novisajt\/wp-json\/wp\/v2\/comments?post=483"}],"wp:featuredmedia":[{"embeddable":true,"href":"https:\/\/bergo-tim.rs\/novisajt\/wp-json\/wp\/v2\/media\/578"}],"wp:attachment":[{"href":"https:\/\/bergo-tim.rs\/novisajt\/wp-json\/wp\/v2\/media?parent=483"}],"wp:term":[{"taxonomy":"product_brand","embeddable":true,"href":"https:\/\/bergo-tim.rs\/novisajt\/wp-json\/wp\/v2\/product_brand?post=483"},{"taxonomy":"product_cat","embeddable":true,"href":"https:\/\/bergo-tim.rs\/novisajt\/wp-json\/wp\/v2\/product_cat?post=483"},{"taxonomy":"product_tag","embeddable":true,"href":"https:\/\/bergo-tim.rs\/novisajt\/wp-json\/wp\/v2\/product_tag?post=483"}],"curies":[{"name":"wp","href":"https:\/\/api.w.org\/{rel}","templated":true}]}}