{"id":512,"date":"2022-03-22T15:10:59","date_gmt":"2022-03-22T14:10:59","guid":{"rendered":"https:\/\/bergo-tim.rs\/novisajt\/?post_type=product&#038;p=512"},"modified":"2024-11-08T21:04:36","modified_gmt":"2024-11-08T20:04:36","slug":"aplikator-metalni-maxi","status":"publish","type":"product","link":"https:\/\/bergo-tim.rs\/novisajt\/products\/aplikator-metalni-maxi\/","title":{"rendered":"BICATOP"},"content":{"rendered":"<div class=\"accordion\"><div class=\"mfn-acc accordion_wrapper  openAll\"><div class=\"question\"><div class=\"title\"><i class=\"icon-plus acc-icon-plus\" aria-hidden=\"true\"><\/i><i class=\"icon-minus acc-icon-minus\" aria-hidden=\"true\"><\/i>Informacije<\/div><div class=\"answer\"><\/p>\n<p>Kod pojave proliva kod teladi poja\u010dava \u017eelju i podsti\u010de unos te\u010dnosti<\/p>\n<p>BICATOP se daje teladima koja pate od dijareje (proliva). Tele gubi te\u010dnost i pufere. Bolus sadr\u017ei veliku koli\u010dinu natrijum bikarbonata kao pufer supstanca protiv kiselosti u \u017eelucu i obezbe\u0111uje \u017eelju teleta da unosi te\u010dnost.<\/p>\n<p>BICATOP bolus se daje kod prvih znakova diareje. Tako\u0111e se daje kao preventiva za novoro\u0111en\u010dad jer podr\u017eava\u00a0 unos kolostruma.<\/p>\n<p>1 bolus sadr\u017ei: 90% natrijum bikarbonata<\/p>\n<div>\n<table>\n<tbody>\n<tr>\n<th>\u0160ifra proizvoda<\/th>\n<th>Pakovanje<\/th>\n<\/tr>\n<tr>\n<td>42153<\/td>\n<td>20 kom<\/td>\n<\/tr>\n<\/tbody>\n<\/table>\n<p>&nbsp;<\/p>\n<p><\/div><\/div>\n<\/div><\/div>\n\n<\/div>\n","protected":false},"excerpt":{"rendered":"<p><strong>Bolus za regulaciju te\u010dnosti kod proliva teladi.<\/strong><\/p>\n","protected":false},"featured_media":565,"comment_status":"closed","ping_status":"closed","template":"","meta":[],"product_brand":[],"product_cat":[82,23,79,58],"product_tag":[],"class_list":{"0":"post-512","1":"product","2":"type-product","3":"status-publish","4":"has-post-thumbnail","6":"product_cat-bolusi-telad","7":"product_cat-goveda","8":"product_cat-landmans-best","9":"product_cat-telad","11":"first","12":"instock","13":"shipping-taxable","14":"product-type-simple"},"yoast_head":"<!-- This site is optimized with the Yoast SEO plugin v27.5 - https:\/\/yoast.com\/product\/yoast-seo-wordpress\/ -->\n<title>BICATOP - Bergo-Tim<\/title>\n<meta name=\"description\" content=\"BICATOP se daje teladima koja pate od dijareje (proliva). Tele gubi te\u010dnost i pufere. Bolus sadr\u017ei veliku koli\u010dinu natrijum bikarbonata.\" \/>\n<meta name=\"robots\" content=\"index, follow, max-snippet:-1, max-image-preview:large, max-video-preview:-1\" \/>\n<link rel=\"canonical\" href=\"https:\/\/bergo-tim.rs\/novisajt\/products\/aplikator-metalni-maxi\/\" \/>\n<meta property=\"og:locale\" content=\"sr_RS\" \/>\n<meta property=\"og:type\" content=\"article\" \/>\n<meta property=\"og:title\" content=\"BICATOP - Bergo-Tim\" \/>\n<meta property=\"og:description\" content=\"BICATOP se daje teladima koja pate od dijareje (proliva). Tele gubi te\u010dnost i pufere. Bolus sadr\u017ei veliku koli\u010dinu natrijum bikarbonata.\" \/>\n<meta property=\"og:url\" content=\"https:\/\/bergo-tim.rs\/novisajt\/products\/aplikator-metalni-maxi\/\" \/>\n<meta property=\"og:site_name\" content=\"Bergo-Tim\" \/>\n<meta property=\"article:modified_time\" content=\"2024-11-08T20:04:36+00:00\" \/>\n<meta property=\"og:image\" content=\"https:\/\/bergo-tim.rs\/novisajt\/wp-content\/uploads\/2022\/03\/bicatop.png\" \/>\n\t<meta property=\"og:image:width\" content=\"729\" \/>\n\t<meta property=\"og:image:height\" content=\"725\" \/>\n\t<meta property=\"og:image:type\" content=\"image\/png\" \/>\n<meta name=\"twitter:card\" content=\"summary_large_image\" \/>\n<meta name=\"twitter:label1\" content=\"Procenjeno vreme \u010ditanja\" \/>\n\t<meta name=\"twitter:data1\" content=\"1 minut\" \/>\n<script type=\"application\/ld+json\" class=\"yoast-schema-graph\">{\"@context\":\"https:\\\/\\\/schema.org\",\"@graph\":[{\"@type\":\"WebPage\",\"@id\":\"https:\\\/\\\/bergo-tim.rs\\\/novisajt\\\/products\\\/aplikator-metalni-maxi\\\/\",\"url\":\"https:\\\/\\\/bergo-tim.rs\\\/novisajt\\\/products\\\/aplikator-metalni-maxi\\\/\",\"name\":\"BICATOP - Bergo-Tim\",\"isPartOf\":{\"@id\":\"https:\\\/\\\/bergo-tim.rs\\\/novisajt\\\/#website\"},\"primaryImageOfPage\":{\"@id\":\"https:\\\/\\\/bergo-tim.rs\\\/novisajt\\\/products\\\/aplikator-metalni-maxi\\\/#primaryimage\"},\"image\":{\"@id\":\"https:\\\/\\\/bergo-tim.rs\\\/novisajt\\\/products\\\/aplikator-metalni-maxi\\\/#primaryimage\"},\"thumbnailUrl\":\"https:\\\/\\\/bergo-tim.rs\\\/novisajt\\\/wp-content\\\/uploads\\\/2022\\\/03\\\/bicatop.png\",\"datePublished\":\"2022-03-22T14:10:59+00:00\",\"dateModified\":\"2024-11-08T20:04:36+00:00\",\"description\":\"BICATOP se daje teladima koja pate od dijareje (proliva). Tele gubi te\u010dnost i pufere. Bolus sadr\u017ei veliku koli\u010dinu natrijum bikarbonata.\",\"breadcrumb\":{\"@id\":\"https:\\\/\\\/bergo-tim.rs\\\/novisajt\\\/products\\\/aplikator-metalni-maxi\\\/#breadcrumb\"},\"inLanguage\":\"sr-RS\",\"potentialAction\":[{\"@type\":\"ReadAction\",\"target\":[\"https:\\\/\\\/bergo-tim.rs\\\/novisajt\\\/products\\\/aplikator-metalni-maxi\\\/\"]}]},{\"@type\":\"ImageObject\",\"inLanguage\":\"sr-RS\",\"@id\":\"https:\\\/\\\/bergo-tim.rs\\\/novisajt\\\/products\\\/aplikator-metalni-maxi\\\/#primaryimage\",\"url\":\"https:\\\/\\\/bergo-tim.rs\\\/novisajt\\\/wp-content\\\/uploads\\\/2022\\\/03\\\/bicatop.png\",\"contentUrl\":\"https:\\\/\\\/bergo-tim.rs\\\/novisajt\\\/wp-content\\\/uploads\\\/2022\\\/03\\\/bicatop.png\",\"width\":729,\"height\":725},{\"@type\":\"BreadcrumbList\",\"@id\":\"https:\\\/\\\/bergo-tim.rs\\\/novisajt\\\/products\\\/aplikator-metalni-maxi\\\/#breadcrumb\",\"itemListElement\":[{\"@type\":\"ListItem\",\"position\":1,\"name\":\"Home\",\"item\":\"https:\\\/\\\/bergo-tim.rs\\\/novisajt\\\/\"},{\"@type\":\"ListItem\",\"position\":2,\"name\":\"Proizvodi\",\"item\":\"https:\\\/\\\/bergo-tim.rs\\\/novisajt\\\/prodavnica\\\/\"},{\"@type\":\"ListItem\",\"position\":3,\"name\":\"BICATOP\"}]},{\"@type\":\"WebSite\",\"@id\":\"https:\\\/\\\/bergo-tim.rs\\\/novisajt\\\/#website\",\"url\":\"https:\\\/\\\/bergo-tim.rs\\\/novisajt\\\/\",\"name\":\"Bergo-Tim\",\"description\":\"Generalvertretung Bergophor\",\"potentialAction\":[{\"@type\":\"SearchAction\",\"target\":{\"@type\":\"EntryPoint\",\"urlTemplate\":\"https:\\\/\\\/bergo-tim.rs\\\/novisajt\\\/?s={search_term_string}\"},\"query-input\":{\"@type\":\"PropertyValueSpecification\",\"valueRequired\":true,\"valueName\":\"search_term_string\"}}],\"inLanguage\":\"sr-RS\"}]}<\/script>\n<!-- \/ Yoast SEO plugin. -->","yoast_head_json":{"title":"BICATOP - Bergo-Tim","description":"BICATOP se daje teladima koja pate od dijareje (proliva). Tele gubi te\u010dnost i pufere. Bolus sadr\u017ei veliku koli\u010dinu natrijum bikarbonata.","robots":{"index":"index","follow":"follow","max-snippet":"max-snippet:-1","max-image-preview":"max-image-preview:large","max-video-preview":"max-video-preview:-1"},"canonical":"https:\/\/bergo-tim.rs\/novisajt\/products\/aplikator-metalni-maxi\/","og_locale":"sr_RS","og_type":"article","og_title":"BICATOP - Bergo-Tim","og_description":"BICATOP se daje teladima koja pate od dijareje (proliva). Tele gubi te\u010dnost i pufere. Bolus sadr\u017ei veliku koli\u010dinu natrijum bikarbonata.","og_url":"https:\/\/bergo-tim.rs\/novisajt\/products\/aplikator-metalni-maxi\/","og_site_name":"Bergo-Tim","article_modified_time":"2024-11-08T20:04:36+00:00","og_image":[{"width":729,"height":725,"url":"https:\/\/bergo-tim.rs\/novisajt\/wp-content\/uploads\/2022\/03\/bicatop.png","type":"image\/png"}],"twitter_card":"summary_large_image","twitter_misc":{"Procenjeno vreme \u010ditanja":"1 minut"},"schema":{"@context":"https:\/\/schema.org","@graph":[{"@type":"WebPage","@id":"https:\/\/bergo-tim.rs\/novisajt\/products\/aplikator-metalni-maxi\/","url":"https:\/\/bergo-tim.rs\/novisajt\/products\/aplikator-metalni-maxi\/","name":"BICATOP - Bergo-Tim","isPartOf":{"@id":"https:\/\/bergo-tim.rs\/novisajt\/#website"},"primaryImageOfPage":{"@id":"https:\/\/bergo-tim.rs\/novisajt\/products\/aplikator-metalni-maxi\/#primaryimage"},"image":{"@id":"https:\/\/bergo-tim.rs\/novisajt\/products\/aplikator-metalni-maxi\/#primaryimage"},"thumbnailUrl":"https:\/\/bergo-tim.rs\/novisajt\/wp-content\/uploads\/2022\/03\/bicatop.png","datePublished":"2022-03-22T14:10:59+00:00","dateModified":"2024-11-08T20:04:36+00:00","description":"BICATOP se daje teladima koja pate od dijareje (proliva). Tele gubi te\u010dnost i pufere. Bolus sadr\u017ei veliku koli\u010dinu natrijum bikarbonata.","breadcrumb":{"@id":"https:\/\/bergo-tim.rs\/novisajt\/products\/aplikator-metalni-maxi\/#breadcrumb"},"inLanguage":"sr-RS","potentialAction":[{"@type":"ReadAction","target":["https:\/\/bergo-tim.rs\/novisajt\/products\/aplikator-metalni-maxi\/"]}]},{"@type":"ImageObject","inLanguage":"sr-RS","@id":"https:\/\/bergo-tim.rs\/novisajt\/products\/aplikator-metalni-maxi\/#primaryimage","url":"https:\/\/bergo-tim.rs\/novisajt\/wp-content\/uploads\/2022\/03\/bicatop.png","contentUrl":"https:\/\/bergo-tim.rs\/novisajt\/wp-content\/uploads\/2022\/03\/bicatop.png","width":729,"height":725},{"@type":"BreadcrumbList","@id":"https:\/\/bergo-tim.rs\/novisajt\/products\/aplikator-metalni-maxi\/#breadcrumb","itemListElement":[{"@type":"ListItem","position":1,"name":"Home","item":"https:\/\/bergo-tim.rs\/novisajt\/"},{"@type":"ListItem","position":2,"name":"Proizvodi","item":"https:\/\/bergo-tim.rs\/novisajt\/prodavnica\/"},{"@type":"ListItem","position":3,"name":"BICATOP"}]},{"@type":"WebSite","@id":"https:\/\/bergo-tim.rs\/novisajt\/#website","url":"https:\/\/bergo-tim.rs\/novisajt\/","name":"Bergo-Tim","description":"Generalvertretung Bergophor","potentialAction":[{"@type":"SearchAction","target":{"@type":"EntryPoint","urlTemplate":"https:\/\/bergo-tim.rs\/novisajt\/?s={search_term_string}"},"query-input":{"@type":"PropertyValueSpecification","valueRequired":true,"valueName":"search_term_string"}}],"inLanguage":"sr-RS"}]}},"_links":{"self":[{"href":"https:\/\/bergo-tim.rs\/novisajt\/wp-json\/wp\/v2\/product\/512","targetHints":{"allow":["GET"]}}],"collection":[{"href":"https:\/\/bergo-tim.rs\/novisajt\/wp-json\/wp\/v2\/product"}],"about":[{"href":"https:\/\/bergo-tim.rs\/novisajt\/wp-json\/wp\/v2\/types\/product"}],"replies":[{"embeddable":true,"href":"https:\/\/bergo-tim.rs\/novisajt\/wp-json\/wp\/v2\/comments?post=512"}],"wp:featuredmedia":[{"embeddable":true,"href":"https:\/\/bergo-tim.rs\/novisajt\/wp-json\/wp\/v2\/media\/565"}],"wp:attachment":[{"href":"https:\/\/bergo-tim.rs\/novisajt\/wp-json\/wp\/v2\/media?parent=512"}],"wp:term":[{"taxonomy":"product_brand","embeddable":true,"href":"https:\/\/bergo-tim.rs\/novisajt\/wp-json\/wp\/v2\/product_brand?post=512"},{"taxonomy":"product_cat","embeddable":true,"href":"https:\/\/bergo-tim.rs\/novisajt\/wp-json\/wp\/v2\/product_cat?post=512"},{"taxonomy":"product_tag","embeddable":true,"href":"https:\/\/bergo-tim.rs\/novisajt\/wp-json\/wp\/v2\/product_tag?post=512"}],"curies":[{"name":"wp","href":"https:\/\/api.w.org\/{rel}","templated":true}]}}