{"id":521,"date":"2022-03-22T15:30:56","date_gmt":"2022-03-22T14:30:56","guid":{"rendered":"https:\/\/bergo-tim.rs\/novisajt\/?post_type=product&#038;p=521"},"modified":"2024-11-08T21:03:16","modified_gmt":"2024-11-08T20:03:16","slug":"hydraltop-tablete","status":"publish","type":"product","link":"https:\/\/bergo-tim.rs\/novisajt\/products\/hydraltop-tablete\/","title":{"rendered":"HYDRALTOP tablete"},"content":{"rendered":"<div class=\"accordion\"><div class=\"mfn-acc accordion_wrapper  openAll\"><div class=\"question\"><div class=\"title\"><i class=\"icon-plus acc-icon-plus\" aria-hidden=\"true\"><\/i><i class=\"icon-minus acc-icon-minus\" aria-hidden=\"true\"><\/i>Informacije<\/div><div class=\"answer\"><\/p>\n<p>Dijetetski proizvod za telad<\/p>\n<p>HYDRALTOP od LANDMANS\u25aaBEST koristi se za stabilizaciju vode, balans elektrolita i za podr\u0161ku fiziolo\u0161koj probavi.<\/p>\n<p>Za oralnu primenu kod teladi kao preventiva, tokom ili nakon digestivnih poremec\u0301aja (dijareja).<\/p>\n<p>Rastvor za rehidrataciju nadokna\u0111uje te\u010dnost, elektrolite i pretstavlja pufersku bazu za tele. U ranim fazama dehidracije (0-5% gubitka telesne te\u010dnosti) rastvor pretstavlja efikasno sredstvo. Oralna rehidratacija je efikasno sredstvo za nadokna\u0111ivanje te\u010dnosti i spre\u010davanje progresivne acidoze kod teladi.<\/p>\n<p>Sastav HYDRALTOPa napravljen je na osnovu nau\u010dnih preporuka. Efikasna rehidracija sa optimalnom koncentracijom elektrolita, puferskim supstancama i nosa\u010dima energije. Sa SID (jakom jonskom razlikom) od 85 mmol \/ HYDRALTOP ima najvec\u0301i kapacitet pufera.<\/p>\n<p>Druga prednost je higijensko pakovanje i lako doziranje. Higijensko pakovanje i lako doziranje od samo 1 tablete HYDRALTOPa u rastvoru od 2l, prilikom obroka. Aroma vanile koju sadr\u017ei tako\u0111e pospe\u0161uje prihvatanje i apsorpciju kod teladi i pove\u0107ava \u017eelju za pic\u0301em. Hranjenje mlekom se mo\u017ee nastaviti.<\/p>\n<p><strong>Doziranje:<\/strong><\/p>\n<p>Uz svaki obrok rastvoriti 1 tabletu u 2 l tople vode (pribli\u017eno 50\u00b0C). Idealna temperatura napajanja teladi je pribli\u017eno 38\u00b0C.<\/p>\n<p>Ponavljati 2-3 dana (ili du\u017ee, po potrebi).<\/p>\n<p>Nakon toga, 1l rastvora HYDRALTOPa se mo\u017ee me\u0161ati sa 1l mleka ili zamene za mleko, u trajanju od 2 dana.<\/p>\n<p><strong>Sastav:<\/strong> Laktoza, natrijum bikarbonat, dekstroza, natrijum hlorid, kalijum hlorid, magnezijum stearat<\/p>\n<p><strong>Pakovanje:<\/strong> 20 tableta\u00a0 60 g<\/p>\n<div>\n<table>\n<tbody>\n<tr>\n<th>\u0160ifra proizvoda<\/th>\n<th>Pakovanje<\/th>\n<\/tr>\n<tr>\n<td>42670<\/td>\n<td>\u00a020kom<\/td>\n<\/tr>\n<\/tbody>\n<\/table>\n<p>&nbsp;<\/p>\n<p><\/div><\/div>\n<\/div><\/div>\n\n<\/div>\n","protected":false},"excerpt":{"rendered":"<p><strong>Tablete za rehidraciju. Dijetetski proizvod za telad.<\/strong><\/p>\n","protected":false},"featured_media":563,"comment_status":"closed","ping_status":"closed","template":"","meta":[],"product_brand":[],"product_cat":[82,23,79,58],"product_tag":[],"class_list":{"0":"post-521","1":"product","2":"type-product","3":"status-publish","4":"has-post-thumbnail","6":"product_cat-bolusi-telad","7":"product_cat-goveda","8":"product_cat-landmans-best","9":"product_cat-telad","11":"first","12":"instock","13":"shipping-taxable","14":"product-type-simple"},"yoast_head":"<!-- This site is optimized with the Yoast SEO plugin v27.5 - https:\/\/yoast.com\/product\/yoast-seo-wordpress\/ -->\n<title>HYDRALTOP tablete - Bergo-Tim<\/title>\n<meta name=\"description\" content=\"Koristi se za stabilizaciju vode, balans elektrolita i za podr\u0161ku fiziolo\u0161koj probavi. Za oralnu primenu kod teladi kao preventiva.\" \/>\n<meta name=\"robots\" content=\"index, follow, max-snippet:-1, max-image-preview:large, max-video-preview:-1\" \/>\n<link rel=\"canonical\" href=\"https:\/\/bergo-tim.rs\/novisajt\/products\/hydraltop-tablete\/\" \/>\n<meta property=\"og:locale\" content=\"sr_RS\" \/>\n<meta property=\"og:type\" content=\"article\" \/>\n<meta property=\"og:title\" content=\"HYDRALTOP tablete - Bergo-Tim\" \/>\n<meta property=\"og:description\" content=\"Koristi se za stabilizaciju vode, balans elektrolita i za podr\u0161ku fiziolo\u0161koj probavi. Za oralnu primenu kod teladi kao preventiva.\" \/>\n<meta property=\"og:url\" content=\"https:\/\/bergo-tim.rs\/novisajt\/products\/hydraltop-tablete\/\" \/>\n<meta property=\"og:site_name\" content=\"Bergo-Tim\" \/>\n<meta property=\"article:modified_time\" content=\"2024-11-08T20:03:16+00:00\" \/>\n<meta property=\"og:image\" content=\"https:\/\/bergo-tim.rs\/novisajt\/wp-content\/uploads\/2022\/03\/hydraltop.png\" \/>\n\t<meta property=\"og:image:width\" content=\"729\" \/>\n\t<meta property=\"og:image:height\" content=\"725\" \/>\n\t<meta property=\"og:image:type\" content=\"image\/png\" \/>\n<meta name=\"twitter:card\" content=\"summary_large_image\" \/>\n<meta name=\"twitter:label1\" content=\"Procenjeno vreme \u010ditanja\" \/>\n\t<meta name=\"twitter:data1\" content=\"2 minuta\" \/>\n<script type=\"application\/ld+json\" class=\"yoast-schema-graph\">{\"@context\":\"https:\\\/\\\/schema.org\",\"@graph\":[{\"@type\":\"WebPage\",\"@id\":\"https:\\\/\\\/bergo-tim.rs\\\/novisajt\\\/products\\\/hydraltop-tablete\\\/\",\"url\":\"https:\\\/\\\/bergo-tim.rs\\\/novisajt\\\/products\\\/hydraltop-tablete\\\/\",\"name\":\"HYDRALTOP tablete - Bergo-Tim\",\"isPartOf\":{\"@id\":\"https:\\\/\\\/bergo-tim.rs\\\/novisajt\\\/#website\"},\"primaryImageOfPage\":{\"@id\":\"https:\\\/\\\/bergo-tim.rs\\\/novisajt\\\/products\\\/hydraltop-tablete\\\/#primaryimage\"},\"image\":{\"@id\":\"https:\\\/\\\/bergo-tim.rs\\\/novisajt\\\/products\\\/hydraltop-tablete\\\/#primaryimage\"},\"thumbnailUrl\":\"https:\\\/\\\/bergo-tim.rs\\\/novisajt\\\/wp-content\\\/uploads\\\/2022\\\/03\\\/hydraltop.png\",\"datePublished\":\"2022-03-22T14:30:56+00:00\",\"dateModified\":\"2024-11-08T20:03:16+00:00\",\"description\":\"Koristi se za stabilizaciju vode, balans elektrolita i za podr\u0161ku fiziolo\u0161koj probavi. Za oralnu primenu kod teladi kao preventiva.\",\"breadcrumb\":{\"@id\":\"https:\\\/\\\/bergo-tim.rs\\\/novisajt\\\/products\\\/hydraltop-tablete\\\/#breadcrumb\"},\"inLanguage\":\"sr-RS\",\"potentialAction\":[{\"@type\":\"ReadAction\",\"target\":[\"https:\\\/\\\/bergo-tim.rs\\\/novisajt\\\/products\\\/hydraltop-tablete\\\/\"]}]},{\"@type\":\"ImageObject\",\"inLanguage\":\"sr-RS\",\"@id\":\"https:\\\/\\\/bergo-tim.rs\\\/novisajt\\\/products\\\/hydraltop-tablete\\\/#primaryimage\",\"url\":\"https:\\\/\\\/bergo-tim.rs\\\/novisajt\\\/wp-content\\\/uploads\\\/2022\\\/03\\\/hydraltop.png\",\"contentUrl\":\"https:\\\/\\\/bergo-tim.rs\\\/novisajt\\\/wp-content\\\/uploads\\\/2022\\\/03\\\/hydraltop.png\",\"width\":729,\"height\":725},{\"@type\":\"BreadcrumbList\",\"@id\":\"https:\\\/\\\/bergo-tim.rs\\\/novisajt\\\/products\\\/hydraltop-tablete\\\/#breadcrumb\",\"itemListElement\":[{\"@type\":\"ListItem\",\"position\":1,\"name\":\"Home\",\"item\":\"https:\\\/\\\/bergo-tim.rs\\\/novisajt\\\/\"},{\"@type\":\"ListItem\",\"position\":2,\"name\":\"Proizvodi\",\"item\":\"https:\\\/\\\/bergo-tim.rs\\\/novisajt\\\/prodavnica\\\/\"},{\"@type\":\"ListItem\",\"position\":3,\"name\":\"HYDRALTOP tablete\"}]},{\"@type\":\"WebSite\",\"@id\":\"https:\\\/\\\/bergo-tim.rs\\\/novisajt\\\/#website\",\"url\":\"https:\\\/\\\/bergo-tim.rs\\\/novisajt\\\/\",\"name\":\"Bergo-Tim\",\"description\":\"Generalvertretung Bergophor\",\"potentialAction\":[{\"@type\":\"SearchAction\",\"target\":{\"@type\":\"EntryPoint\",\"urlTemplate\":\"https:\\\/\\\/bergo-tim.rs\\\/novisajt\\\/?s={search_term_string}\"},\"query-input\":{\"@type\":\"PropertyValueSpecification\",\"valueRequired\":true,\"valueName\":\"search_term_string\"}}],\"inLanguage\":\"sr-RS\"}]}<\/script>\n<!-- \/ Yoast SEO plugin. -->","yoast_head_json":{"title":"HYDRALTOP tablete - Bergo-Tim","description":"Koristi se za stabilizaciju vode, balans elektrolita i za podr\u0161ku fiziolo\u0161koj probavi. Za oralnu primenu kod teladi kao preventiva.","robots":{"index":"index","follow":"follow","max-snippet":"max-snippet:-1","max-image-preview":"max-image-preview:large","max-video-preview":"max-video-preview:-1"},"canonical":"https:\/\/bergo-tim.rs\/novisajt\/products\/hydraltop-tablete\/","og_locale":"sr_RS","og_type":"article","og_title":"HYDRALTOP tablete - Bergo-Tim","og_description":"Koristi se za stabilizaciju vode, balans elektrolita i za podr\u0161ku fiziolo\u0161koj probavi. Za oralnu primenu kod teladi kao preventiva.","og_url":"https:\/\/bergo-tim.rs\/novisajt\/products\/hydraltop-tablete\/","og_site_name":"Bergo-Tim","article_modified_time":"2024-11-08T20:03:16+00:00","og_image":[{"width":729,"height":725,"url":"https:\/\/bergo-tim.rs\/novisajt\/wp-content\/uploads\/2022\/03\/hydraltop.png","type":"image\/png"}],"twitter_card":"summary_large_image","twitter_misc":{"Procenjeno vreme \u010ditanja":"2 minuta"},"schema":{"@context":"https:\/\/schema.org","@graph":[{"@type":"WebPage","@id":"https:\/\/bergo-tim.rs\/novisajt\/products\/hydraltop-tablete\/","url":"https:\/\/bergo-tim.rs\/novisajt\/products\/hydraltop-tablete\/","name":"HYDRALTOP tablete - Bergo-Tim","isPartOf":{"@id":"https:\/\/bergo-tim.rs\/novisajt\/#website"},"primaryImageOfPage":{"@id":"https:\/\/bergo-tim.rs\/novisajt\/products\/hydraltop-tablete\/#primaryimage"},"image":{"@id":"https:\/\/bergo-tim.rs\/novisajt\/products\/hydraltop-tablete\/#primaryimage"},"thumbnailUrl":"https:\/\/bergo-tim.rs\/novisajt\/wp-content\/uploads\/2022\/03\/hydraltop.png","datePublished":"2022-03-22T14:30:56+00:00","dateModified":"2024-11-08T20:03:16+00:00","description":"Koristi se za stabilizaciju vode, balans elektrolita i za podr\u0161ku fiziolo\u0161koj probavi. Za oralnu primenu kod teladi kao preventiva.","breadcrumb":{"@id":"https:\/\/bergo-tim.rs\/novisajt\/products\/hydraltop-tablete\/#breadcrumb"},"inLanguage":"sr-RS","potentialAction":[{"@type":"ReadAction","target":["https:\/\/bergo-tim.rs\/novisajt\/products\/hydraltop-tablete\/"]}]},{"@type":"ImageObject","inLanguage":"sr-RS","@id":"https:\/\/bergo-tim.rs\/novisajt\/products\/hydraltop-tablete\/#primaryimage","url":"https:\/\/bergo-tim.rs\/novisajt\/wp-content\/uploads\/2022\/03\/hydraltop.png","contentUrl":"https:\/\/bergo-tim.rs\/novisajt\/wp-content\/uploads\/2022\/03\/hydraltop.png","width":729,"height":725},{"@type":"BreadcrumbList","@id":"https:\/\/bergo-tim.rs\/novisajt\/products\/hydraltop-tablete\/#breadcrumb","itemListElement":[{"@type":"ListItem","position":1,"name":"Home","item":"https:\/\/bergo-tim.rs\/novisajt\/"},{"@type":"ListItem","position":2,"name":"Proizvodi","item":"https:\/\/bergo-tim.rs\/novisajt\/prodavnica\/"},{"@type":"ListItem","position":3,"name":"HYDRALTOP tablete"}]},{"@type":"WebSite","@id":"https:\/\/bergo-tim.rs\/novisajt\/#website","url":"https:\/\/bergo-tim.rs\/novisajt\/","name":"Bergo-Tim","description":"Generalvertretung Bergophor","potentialAction":[{"@type":"SearchAction","target":{"@type":"EntryPoint","urlTemplate":"https:\/\/bergo-tim.rs\/novisajt\/?s={search_term_string}"},"query-input":{"@type":"PropertyValueSpecification","valueRequired":true,"valueName":"search_term_string"}}],"inLanguage":"sr-RS"}]}},"_links":{"self":[{"href":"https:\/\/bergo-tim.rs\/novisajt\/wp-json\/wp\/v2\/product\/521","targetHints":{"allow":["GET"]}}],"collection":[{"href":"https:\/\/bergo-tim.rs\/novisajt\/wp-json\/wp\/v2\/product"}],"about":[{"href":"https:\/\/bergo-tim.rs\/novisajt\/wp-json\/wp\/v2\/types\/product"}],"replies":[{"embeddable":true,"href":"https:\/\/bergo-tim.rs\/novisajt\/wp-json\/wp\/v2\/comments?post=521"}],"wp:featuredmedia":[{"embeddable":true,"href":"https:\/\/bergo-tim.rs\/novisajt\/wp-json\/wp\/v2\/media\/563"}],"wp:attachment":[{"href":"https:\/\/bergo-tim.rs\/novisajt\/wp-json\/wp\/v2\/media?parent=521"}],"wp:term":[{"taxonomy":"product_brand","embeddable":true,"href":"https:\/\/bergo-tim.rs\/novisajt\/wp-json\/wp\/v2\/product_brand?post=521"},{"taxonomy":"product_cat","embeddable":true,"href":"https:\/\/bergo-tim.rs\/novisajt\/wp-json\/wp\/v2\/product_cat?post=521"},{"taxonomy":"product_tag","embeddable":true,"href":"https:\/\/bergo-tim.rs\/novisajt\/wp-json\/wp\/v2\/product_tag?post=521"}],"curies":[{"name":"wp","href":"https:\/\/api.w.org\/{rel}","templated":true}]}}